{"id":30272,"date":"2016-09-06T09:13:11","date_gmt":"2016-09-06T07:13:11","guid":{"rendered":"https:\/\/dev.dynamium.es\/avis-legal\/"},"modified":"2024-02-21T12:46:33","modified_gmt":"2024-02-21T11:46:33","slug":"aviso-legal","status":"publish","type":"page","link":"https:\/\/escuelaparaelcambio.org\/ca\/aviso-legal\/","title":{"rendered":"Av\u00eds Legal"},"content":{"rendered":"<div class=\"wpb-content-wrapper\"><p>[vc_row][vc_column][vc_column_text]<\/p>\n<div class=\"small-body\"><span style=\"font-weight: 400;\">L&#8217;acc\u00e9s i la navegaci\u00f3 en aquest lloc web impliquen l&#8217;acceptaci\u00f3 expressa i \u00edntegra de totes i cadascuna de les presents condicions generals, incloses la Pol\u00edtica de privadesa i Cookies, relativa a les finalitats dels tractaments de les dades que se&#8217;ns facilitin. Per favor, recomanem que la llegeixi atentament. Llevat d&#8217; indicaci\u00f3 expressa en contrari, l&#8217; acc\u00e9s a la informaci\u00f3 mostrada a les p\u00e0gines del portal, \u00e9s totalment gratu\u00efta.<\/span><\/div>\n<div class=\"small-body\"><span style=\"font-weight: 400;\">En aquest document Termes i Condicions trobareu informaci\u00f3 sobre:<\/span><\/div>\n<div class=\"small-body\">\n<ul>\n<li style=\"font-weight: 400;\" aria-level=\"1\"><span style=\"font-weight: 400;\">Identificaci\u00f3 Legal.<\/span><\/li>\n<li style=\"font-weight: 400;\" aria-level=\"1\"><span style=\"font-weight: 400;\">Condicions generals d&#8217;\u00fas.<\/span><\/li>\n<li style=\"font-weight: 400;\" aria-level=\"1\"><span style=\"font-weight: 400;\">Obligacions generals de l&#8217;usuari.<\/span><\/li>\n<li style=\"font-weight: 400;\" aria-level=\"1\"><span style=\"font-weight: 400;\">Pol\u00edtica de Retorn, Devoluci\u00f3, Cancel\u00b7laci\u00f3, Edat m\u00ednima i Per\u00edode de Lliurament.<\/span><\/li>\n<li style=\"font-weight: 400;\" aria-level=\"1\"><span style=\"font-weight: 400;\">Declaraci\u00f3 de privadesa que cobreix l&#8217;\u00fas de dades dels clients.<\/span><\/li>\n<li style=\"font-weight: 400;\" aria-level=\"1\"><span style=\"font-weight: 400;\">El seu consentiment a aquesta <a href=\"https:\/\/escuelaparaelcambio.org\/ca\/politica-de-privacidad\/\">Pol\u00edtica de Privadesa.<\/a><\/span><\/li>\n<li style=\"font-weight: 400;\" aria-level=\"1\"><span style=\"font-weight: 400;\">Pagament a trav\u00e9s de Targetes de Cr\u00e8dit.<\/span><\/li>\n<li style=\"font-weight: 400;\" aria-level=\"1\"><span style=\"font-weight: 400;\">Condicions de participaci\u00f3 de l&#8217;usuari a diferents seccions i eines: Blogs i Comentaris.<\/span><\/li>\n<li style=\"font-weight: 400;\" aria-level=\"1\"><span style=\"font-weight: 400;\">Propietat Intel\u00b7lectual i industrial.<\/span><\/li>\n<li style=\"font-weight: 400;\" aria-level=\"1\"><span style=\"font-weight: 400;\">Enlla\u00e7os.<\/span><\/li>\n<li style=\"font-weight: 400;\" aria-level=\"1\"><span style=\"font-weight: 400;\">Responsabilitat.<\/span><\/li>\n<li style=\"font-weight: 400;\" aria-level=\"1\"><span style=\"font-weight: 400;\">Jurisdicci\u00f3.<\/span><\/li>\n<\/ul>\n<\/div>\n<div class=\"small-body title-h2\"><b>1.- IDENTIFICACI\u00d3 LEGAL<\/b><\/div>\n<div class=\"small-body\"><span style=\"font-weight: 400;\">En compliment de la Llei 34\/2002, d&#8217;11 de juliol, de Serveis de la Societat de la Informaci\u00f3 i del Comer\u00e7 Electr\u00f2nic, les dades identificatives del titular de<\/span> <strong>www.escuelaparaelcambio.org<\/strong> <span style=\"font-weight: 400;\">s\u00f3n:<\/span><\/div>\n<div><\/div>\n<div class=\"small-body title-h4\"><b>FUNDACI\u00d3 ENTRECULTURES FE I ALEGRIA<\/b><\/div>\n<div class=\"small-body\">\n<ul>\n<li style=\"font-weight: 400;\" aria-level=\"1\"><span style=\"font-weight: 400;\">Carrer Maldonado, 1A, Planta 3<\/span><\/li>\n<li style=\"font-weight: 400;\" aria-level=\"1\"><span style=\"font-weight: 400;\">28006 Madrid (Espanya)<\/span><\/li>\n<li style=\"font-weight: 400;\" aria-level=\"1\"><span style=\"font-weight: 400;\">CIF: G-82409020<\/span><\/li>\n<li style=\"font-weight: 400;\" aria-level=\"1\"><span style=\"font-weight: 400;\">Inscrita en el Registre de Fundacions del M\u00ba de l&#8217;Interior amb el n\u00ba 28\/1.127<\/span><\/li>\n<\/ul>\n<\/div>\n<div class=\"small-body title-h3 title-h4\"><b>FUNDACI\u00d3 ALBOAN<\/b><\/div>\n<div class=\"small-body\">\n<ul>\n<li style=\"font-weight: 400;\" aria-level=\"1\"><span style=\"font-weight: 400;\">Carrer Pare Lojendio, 2. 2a<\/span><\/li>\n<li style=\"font-weight: 400;\" aria-level=\"1\"><span style=\"font-weight: 400;\">48008 \u2013 Bilbao (Espanya)<\/span><\/li>\n<li style=\"font-weight: 400;\" aria-level=\"1\"><span style=\"font-weight: 400;\">CIF. G-48811376<\/span><\/li>\n<li style=\"font-weight: 400;\" aria-level=\"1\"><span style=\"font-weight: 400;\">Contacte per a modificaci\u00f3 de dades: <a href=\"mailto:info@alboan.org\">info@alboan.org<\/a><\/span><\/li>\n<\/ul>\n<\/div>\n<div class=\"small-body\"><span style=\"font-weight: 400;\">Per a qualsevol dubte o consulta, podeu posar-vos en contacte amb nosaltres a trav\u00e9s del Telf.: 91.5902672, o per correu electr\u00f2nic: rgpd@entreculturas.org.<\/span><\/div>\n<div class=\"small-body\"><span style=\"font-weight: 400;\">L&#8217;acc\u00e9s a<\/span> <span style=\"font-weight: 400;\">www.escuelaparaelcambio.org<\/span> <span style=\"font-weight: 400;\">suposa l&#8217;acceptaci\u00f3 expressa de l&#8217;Usuari a les presents condicions, que podran ser modificades o substitu\u00efdes per la Fundaci\u00f3 Entreculturas Fe i Alegr\u00eda o Fundaci\u00f3n Alboan en qualsevol moment i sense av\u00eds previ.<\/span><\/div>\n<div class=\"small-body title-h2\"><b>2.- CONDICIONS GENERALS D&#8217; \u00daS<\/b><\/div>\n<div class=\"small-body\"><span style=\"font-weight: 400;\">Els Termes i Condicions generals seg\u00fcents regulen l&#8217;\u00fas i l&#8217;acc\u00e9s al portal Web<\/span> <span style=\"font-weight: 400;\">www.escolaparaelcambio.org<\/span> <span style=\"font-weight: 400;\">, la finalitat del qual \u00e9s ser porta d&#8217;entrada que ofereixi als usuaris informaci\u00f3, serveis i continguts via Web.<\/span><\/div>\n<div class=\"small-body\"><span style=\"font-weight: 400;\">Tot usuari amb acc\u00e9s a aquest web, haur\u00e0 d&#8217;acceptar les presents Condicions Generals, entenent-se la utilitzaci\u00f3 de la web com una acceptaci\u00f3 de les mateixes.<\/span><\/div>\n<div class=\"small-body\"><span style=\"font-weight: 400;\">Igualment, aquelles p\u00e0gines, titularitat de tercers, a les quals es pot accedir a trav\u00e9s d&#8217; enlla\u00e7os i que presenten altres condicions generals, hauran de ser igualment acceptades.<\/span><\/div>\n<div class=\"small-body\"><span style=\"font-weight: 400;\">L&#8217;usuari es compromet a fer un \u00fas adequat dels continguts, serveis, not\u00edcies, blocs, que estan accessibles a<\/span> <span style=\"font-weight: 400;\">www.escuelaparaelcambio.org<\/span> <span style=\"font-weight: 400;\">, amb subjecci\u00f3 a la Llei ia les presents Condicions generals d&#8217;\u00fas, respectant en tot moment els altres usuaris de la mateixa.<\/span><\/div>\n<div class=\"small-body\"><span style=\"font-weight: 400;\">En cas d&#8217;incompliment total o parcial de les presents condicions, la Fundaci\u00f3 Entreculturas Fe i Alegr\u00eda i Fundaci\u00f3n Alboan es reserven el dret de denegar l&#8217;acc\u00e9s a<\/span> <span style=\"font-weight: 400;\">www.escuelaparaelcambio.org<\/span> <span style=\"font-weight: 400;\">sense necessitat de previ av\u00eds a l&#8217;usuari.<\/span><\/div>\n<div class=\"small-body\"><span style=\"font-weight: 400;\">La Fundaci\u00f3 Entreculturas Fe i Alegr\u00eda i Fundaci\u00f3n Alboan adoptaran totes les mesures al seu abast per impedir qualsevol tipus de conducta contr\u00e0ria a les lleis espanyoles i cooperar\u00e0 amb les autoritats competents en la identificaci\u00f3 dels subjectes responsables de les accions que puguin suposar violaci\u00f3 de les lleis aplicables al present lloc web.<\/span><\/div>\n<div class=\"small-body title-h2\"><b>3.- OBLIGACIONS GENERALS DE L&#8217; USUARI<\/b><\/div>\n<div class=\"small-body\"><span style=\"font-weight: 400;\">L&#8217; usuari, en acceptar les presents Condicions generals d&#8217; \u00fas, s&#8217; obliga expressament a:<\/span><\/div>\n<div class=\"small-body\"><span style=\"font-weight: 400;\">No realitzar cap acci\u00f3 destinada a perjudicar, bloquejar, danyar, inutilitzar, sobrecarregar, de forma temporal o definitiva, les funcionalitats, eines, continguts i\/o la infraestructura de la p\u00e0gina web, de manera que n&#8217;impedeixi la normal utilitzaci\u00f3.<\/span><\/div>\n<div class=\"small-body\"><span style=\"font-weight: 400;\">No introduir ni fer continguts injuriosos o calumniosos, tant d&#8217;altres usuaris com de tercers aliens a la Fundaci\u00f3 Entreculturas Fe i Alegr\u00eda i Fundaci\u00f3n Alboan.<\/span><\/div>\n<div class=\"small-body\"><span style=\"font-weight: 400;\">No utilitzar qualsevol dels materials i informacions continguts en aquest lloc web amb finalitats il\u00b7l\u00edcites i expressament prohibides en aquestes Condicions generals d&#8217;\u00fas, i que resultin contraris als drets i interessos de la Fundaci\u00f3 Entreculturas Fe i Alegr\u00eda i Fundaci\u00f3n Alboan , els seus usuaris i \/o tercers.<\/span><\/div>\n<div class=\"small-body\"><span style=\"font-weight: 400;\">L&#8217;usuari respondr\u00e0 dels tots els danys i perjudicis de tota naturalesa que la Fundaci\u00f3 Entreculturas Fe i Alegr\u00eda i Fundaci\u00f3n Alboan o qualsevol tercer pugui patir com a conseq\u00fc\u00e8ncia de l&#8217;incompliment de qualsevol de les obligacions a qu\u00e8 queda sotm\u00e8s per virtut d&#8217;aquest \u201cAv\u00eds Legal\u201d o de la llei en relaci\u00f3 amb l&#8217;acc\u00e9s i\/o la utilitzaci\u00f3 de la p\u00e0gina  <\/span><span style=\"font-weight: 400;\">www.escolaperalcanvi.org<\/span> <span style=\"font-weight: 400;\">.<\/span><\/div>\n<div class=\"small-body title-h2\"><b>4.- POL\u00cdTICA DE RETORN, DEVOLUCI\u00d3, CANCEL\u00b7LACI\u00d3, EDAT M\u00cdNIMA I PER\u00cdODE DE LLIURAMENT.<\/b><\/div>\n<div class=\"small-body\"><span style=\"font-weight: 400;\">Quan faci un pagament a Entreculturas i Alboan, tindr\u00e0 dret a un per\u00edode de cancel\u00b7laci\u00f3 de set (7) dies (un \u00abPer\u00edode de Reflexi\u00f3\u00bb). Entreculturas i Alboan es reserven el dret de rebutjar una sol\u00b7licitud de reemborsament si considera raonablement (i) que vost\u00e8 explota injustament aquesta pol\u00edtica de reemborsament, per exemple, si fa repetides sol\u00b7licituds de reemborsament del mateix Serveis, (ii) si no compleix aquestes Condicions o (iii) si Entreculturas o Alboan sospiten raonablement que esteu usant els nostres Serveis o el nostre Programari de manera fraudulenta.<\/span><\/div>\n<div class=\"small-body\"><span style=\"font-weight: 400;\">L&#8217;edat m\u00ednima de compra al nostre lloc web \u00e9s 18 anys.<\/span><\/div>\n<div class=\"small-body title-h2\"><b>5.- DECLARACI\u00d3 DE PRIVACITAT QUE COBREIX L&#8217;\u00daS DE DADES DELS CLIENTS<\/b><\/div>\n<div class=\"small-body\"><span style=\"font-weight: 400;\">Entreculturas i Alboan informen a l&#8217;usuari que el tractament de totes les dades de car\u00e0cter personal dutes a terme en el desenvolupament de la seva activitat ha estat desenvolupat tenint en compte el que disposa la normativa vigent i aplicable en mat\u00e8ria de protecci\u00f3 de dades, de manera que les dades recollides s\u00f3n pertinents, adequades i no excessives per a les finalitats que es pretenen; en particular, Entreculturas i Alboan no comuniquen dades a tercers excepte consentiment expr\u00e9s o obligaci\u00f3 legal, ni emmagatzema dades financeres un cop els pagaments han estat processats.<\/span><\/div>\n<div class=\"small-body\"><span style=\"font-weight: 400;\">Si voleu obtenir m\u00e9s informaci\u00f3 sobre els tractaments de dades duts a terme per Entreculturas o Alboan, podeu consultar la nostra<\/span> <a href=\"https:\/\/escuelaparaelcambio.org\/ca\/politica-de-privacidad\/\"><span style=\"font-weight: 400;\">pol\u00edtica de privadesa.<\/span><span style=\"font-weight: 400;\"> <\/span><\/a> <\/div>\n<div class=\"small-body title-h2\"><b>6.- EL SEU CONSENTIMENT A AQUESTA POL\u00cdTICA DE PRIVACITAT<\/b><\/div>\n<div class=\"small-body\"><span style=\"font-weight: 400;\">Mitjan\u00e7ant l&#8217;\u00fas d&#8217;un dels nostres llocs web, manifesteu que esteu d&#8217;acord amb els termes de la nostra Pol\u00edtica de Privadesa actual, com s&#8217;ha publicat aqu\u00ed. Si no esteu d&#8217;acord amb algun dels termes de la pol\u00edtica, si us plau, no proporcioneu cap Informaci\u00f3 Personal en aquest lloc, que pot incloure l&#8217;\u00fas de \u00abcookies\u00bb al vostre navegador en aquest cas vost\u00e8 optaria per no permetre l&#8217;\u00fas de cookies al vostre navegador.<\/span><\/div>\n<div class=\"small-body title-h2\"><b>7.- PAGAMENT A TRAV\u00c9S DE TARGETES DE CR\u00c8DIT<\/b><\/div>\n<div class=\"small-body\"><span style=\"font-weight: 400;\">Entreculturas i Alboan es fan responsables de les transaccions que es facin al lloc web. Acceptem pagaments amb targetes de cr\u00e8dit\/d\u00e8bit Visa i Mastercard.<\/span><\/div>\n<div class=\"small-body\"><span style=\"font-weight: 400;\">La Fundaci\u00f3 Entreculturas Fe i Alegr\u00eda i Fundaci\u00f3n Alboan donen gran import\u00e0ncia a la seguretat de tota la informaci\u00f3 ia les dades de car\u00e0cter personal que tractem. Malauradament, la transmissi\u00f3 dinformaci\u00f3 a trav\u00e9s dInternet no \u00e9s completament segura; per aix\u00f2, fem esfor\u00e7os i destinem recursos a millorar cada dia la nostra p\u00e0gina i que les funcionalitats que es posen a la vostra disposici\u00f3 siguin m\u00e9s segures. La funcionalitat https s&#8217;ha implementat als formularis de socis i donacions, amb la finalitat de protegir les dades economicofinanceres amb eines de xifrat SSL.<\/span><\/div>\n<div class=\"small-body title-h2\"><b>8.- CONDICIONS DE PARTICIPACI\u00d3 DE L&#8217;USUARI EN DIFERENTS SECCIONS I EINES D&#8217;<\/b> <strong>escola<\/strong> per al canvi.org <b>(BLOCS I COMENTARIS)<\/b><\/div>\n<div class=\"small-body\"><span style=\"font-weight: 400;\">L&#8217;usuari pot participar activament en determinades seccions i eines posades a la seva disposici\u00f3 per part de la Fundaci\u00f3 Entreculturas Fe i Alegr\u00eda i Fundaci\u00f3n Alboan a<\/span> <span style=\"font-weight: 400;\">www.escuelaparaelcambio.org<\/span> <span style=\"font-weight: 400;\">, com ara inserci\u00f3 de comentaris en blocs i not\u00edcies.<\/span><\/div>\n<div><\/div>\n<div class=\"small-body\"><span style=\"font-weight: 400;\">Per a la participaci\u00f3 en els Blogs, l&#8217; usuari haur\u00e0 d&#8217; identificar-se, comprometent-se que qualsevol informaci\u00f3 o opini\u00f3 que introdueixi sigui conforme a la Llei, la moral i l&#8217; ordre p\u00fablic, abstenint-se de realitzar comentaris que siguin contraris a les normes d&#8217; etiqueta d&#8217; Internet.<\/span><\/div>\n<div class=\"small-body\"><span style=\"font-weight: 400;\">La Fundaci\u00f3 Entreculturas Fe i Alegr\u00eda i Fundaci\u00f3n Alboan, a trav\u00e9s dels seus administradors, es reserven el dret d&#8217;editar o eliminar qualsevol missatge, o impedir l&#8217;acc\u00e9s als blocs a l&#8217;usuari que incompleixi les normes d&#8217;utilitzaci\u00f3 d&#8217;aquestes eines sense necessitat d&#8217;av\u00eds previ . Aquesta no publicaci\u00f3 no podr\u00e0 ser considerada en cap moment ni per cap motiu una limitaci\u00f3 del dret fonamental a la llibertat d&#8217; expressi\u00f3 de l&#8217; usuari.<\/span><\/div>\n<div><\/div>\n<div class=\"small-body\"><span style=\"font-weight: 400;\">A t\u00edtol enunciatiu, i en cap cas limitatiu o excloent, l&#8217;usuari dels blocs de<\/span> <span style=\"font-weight: 400;\">www.escuelaparaelcambio.org<\/span> <span style=\"font-weight: 400;\">es compromet expressament a:<\/span><\/div>\n<div><\/div>\n<div class=\"small-body\"><span style=\"font-weight: 400;\">No introduir o difondre continguts o propaganda de car\u00e0cter racista, xen\u00f2fob, pornogr\u00e0fic, d&#8217;apologia del terrorisme o que atemptin contra els drets i les llibertats fonamentals dels individus; i en general contravinguin els principis de legalitat, responsabilitat, protecci\u00f3 de la dignitat humana i la protecci\u00f3 de menors.<\/span><\/div>\n<div class=\"small-body\"><span style=\"font-weight: 400;\">No introduir ni utilitzar els blocs per fer greuges, insults, provocacions, desqualificacions personals o introduir continguts amb un llenguatge impropi o inadequat, siguin dirigits aquests continguts a un participant o no. Aix\u00ed mateix, tampoc podran realitzar-se den\u00fancies ni acusacions de cap tipus.<\/span><\/div>\n<div><\/div>\n<div class=\"small-body\"><span style=\"font-weight: 400;\">No introduir o difondre publicitat ni ofertes comercials i\/o promocionals de terceres empreses alienes a Fundaci\u00f3 Entreculturas Fe i Alegr\u00eda i Fundaci\u00f3n Alboan. Igualment, els usuaris dels Blogs no estan autoritzats a introduir cadenes de missatges, felicitacions o missatges que no tinguin cap relaci\u00f3 amb el contingut del Blog\/Not\u00edcia.<\/span><\/div>\n<div class=\"small-body\"><span style=\"font-weight: 400;\">No introduir o difondre virus o programari nociu susceptible de provocar danys als sistemes inform\u00e0tics.<\/span><\/div>\n<div class=\"small-body\"><span style=\"font-weight: 400;\">No introduir continguts protegits (entre d&#8217;altres, imatges, sons, fotografies, v\u00eddeos, textos, documents) pel dret d&#8217;autor i la propietat industrial (entre d&#8217;altres; marques, noms comercials, distintius gr\u00e0fics) sense comptar amb l&#8217;autoritzaci\u00f3 expressa dels respectius propietaris o titulars dels drets.<\/span><\/div>\n<div><\/div>\n<div class=\"small-body\"><span style=\"font-weight: 400;\">L&#8217;usuari reconeix i accepta que qualsevol comentari i\/o opini\u00f3 que manifesti i sigui publicada, ser\u00e0 de la seva exclusiva responsabilitat a tots els efectes. En aquest sentit, l&#8217;usuari ser\u00e0 directament responsable dels danys i perjudicis causats a tercers derivats de la utilitzaci\u00f3 del bloc, aix\u00ed com dels danys i perjudicis causats per la manca de legalitat, veracitat, exactitud, moralitat i de tota informaci\u00f3 i opinions que proporcioneu o feu accessible a altres usuaris i\/o visitants de www.<\/span><span style=\"font-weight: 400;\">escula per al canvi.org<\/span> <span style=\"font-weight: 400;\">.<\/span><\/div>\n<div><\/div>\n<div class=\"small-body title-h2\"><b>9.- PROPIETAT INTEL\u00b7LECTUAL I INDUSTRIAL.<\/b><\/div>\n<div class=\"small-body\"><span style=\"font-weight: 400;\">El lloc web<\/span> <span style=\"font-weight: 400;\">www.escolaperelcanvi.org<\/span><span style=\"font-weight: 400;\">  les p\u00e0gines que compr\u00e8n i la informaci\u00f3 o elements continguts en aquestes (incloent-hi textos, documents, fotografies, dibuixos, representacions gr\u00e0fiques, entre d&#8217;altres), aix\u00ed com logotips, marques o altres signes distintius, es troben protegits per drets de propietat intel\u00b7lectual o industrial , dels quals la Fundaci\u00f3 Entreculturas Fe i Alegria o Fundaci\u00f3 Alboan s\u00f3n titulars o ostenten autoritzaci\u00f3 per a l&#8217;explotaci\u00f3 dels mateixos per part dels leg\u00edtims titulars.<\/span><\/div>\n<div><\/div>\n<div class=\"small-body\"><span style=\"font-weight: 400;\">L&#8217;usuari s&#8217;obliga a usar els continguts de forma diligent i correcta, d&#8217;acord amb la llei, la moral i l&#8217;ordre p\u00fablic.<\/span><\/div>\n<div class=\"small-body\"><span style=\"font-weight: 400;\">La Fundaci\u00f3 Entreculturas Fe i Alegr\u00eda i Fundaci\u00f3n Alboan autoritzen l&#8217;usuari per visualitzar la informaci\u00f3 que cont\u00e9 aquest lloc web, aix\u00ed com per fer reproduccions privades (simple activitat de desc\u00e0rrega i emmagatzematge en els seus sistemes inform\u00e0tics), sempre que els elements siguin destinats \u00fanicament a l&#8217;\u00fas personal o per a finalitats pr\u00e8viament autoritzades per la Fundaci\u00f3 Entreculturas Fe i Alegr\u00eda o Fundaci\u00f3n Alboan.<\/span><\/div>\n<div><\/div>\n<div class=\"small-body\"><span style=\"font-weight: 400;\">L&#8217;usuari no est\u00e0 autoritzat per procedir a la distribuci\u00f3, modificaci\u00f3, cessi\u00f3 o comunicaci\u00f3 p\u00fablica de la informaci\u00f3 continguda en aquesta Web en qualsevol forma i qualsevol que sigui la seva finalitat.<\/span><\/div>\n<div class=\"small-body title-h2\"><b>10.- ENLLA\u00c7OS.<\/b><\/div>\n<div class=\"small-body\"><span style=\"font-weight: 400;\">Les connexions i enlla\u00e7os a llocs o p\u00e0gines Web de tercers s&#8217;han establert \u00fanicament com una utilitat per a l&#8217;usuari. La Fundaci\u00f3 Entreculturas Fe i Alegr\u00eda i Fundaci\u00f3n Alboan no s\u00f3n, en cap cas, responsables de les mateixes o del seu contingut.<\/span><\/div>\n<div><\/div>\n<div class=\"small-body\"><span style=\"font-weight: 400;\">La Fundaci\u00f3 Entreculturas Fe i Alegr\u00eda i Fundaci\u00f3n Alboan no assumeixen cap responsabilitat derivada de l&#8217;exist\u00e8ncia d&#8217;enlla\u00e7os entre els continguts d&#8217;aquest lloc i continguts situats fora d&#8217;aquest lloc o qualsevol altra menci\u00f3 de continguts externs a aquest lloc. Aquests enlla\u00e7os o mencions tenen una finalitat exclusivament informativa i, en cap cas, impliquen el suport, aprovaci\u00f3 o cap relaci\u00f3 entre la Fundaci\u00f3 Entreculturas Fe i Alegria i Fundaci\u00f3 Alboan i les persones o entitats autores i\/o gestores d&#8217;aquests continguts o titulars dels llocs on es trobin.<\/span><\/div>\n<div><\/div>\n<div class=\"small-body\"><span style=\"font-weight: 400;\">Per fer enlla\u00e7os amb la p\u00e0gina web<\/span> <span style=\"font-weight: 400;\">www.escuelaparaelcambio.org<\/span> <span style=\"font-weight: 400;\">ser\u00e0 necess\u00e0ria l&#8217;autoritzaci\u00f3 expressa i per escrit de la Fundaci\u00f3 Entreculturas Fe i Alegr\u00eda i Fundaci\u00f3n Alboan.<\/span><\/div>\n<div><\/div>\n<div class=\"small-body title-h2\"><b>11.- RESPONSABILITAT.<\/b><\/div>\n<div class=\"small-body\"><span style=\"font-weight: 400;\">La Fundaci\u00f3 Entreculturas Fe i Alegr\u00eda i Fundaci\u00f3n Alboan no garanteixen l&#8217;acc\u00e9s continuat, ni la correcta visualitzaci\u00f3, desc\u00e0rrega o utilitat dels elements i informaci\u00f3 continguts a les p\u00e0gines del portal <\/span><span style=\"font-weight: 400;\">www.escuelaparaelcambio.org<\/span><span style=\"font-weight: 400;\"> que es poden veure impedits, dificultats o interromputs per factors o circumst\u00e0ncies fora del seu control o alienes a la seva voluntat, ni d&#8217;aquells que siguin produ\u00efts per l&#8217;exist\u00e8ncia de virus inform\u00e0tics a Internet.<\/span><\/div>\n<div><\/div>\n<div class=\"small-body\"><span style=\"font-weight: 400;\">La Fundaci\u00f3 Entreculturas Fe i Alegr\u00eda i Fundaci\u00f3n Alboan no assumeixen cap responsabilitat per danys, perjudicis, p\u00e8rdues, reclamacions o despeses, produ\u00efts per:<\/span><\/div>\n<div><\/div>\n<div class=\"small-body\"><span style=\"font-weight: 400;\">Interfer\u00e8ncies, interrupcions, fallades, omissions, retards, bloquejos o desconnexions, motivades per errors a les l\u00ednies i xarxes de telecomunicacions o per qualsevol altra causa aliena al control de la Fundaci\u00f3 Entreculturas Fe i Alegria o Fundaci\u00f3 Alboan.<\/span><\/div>\n<div><\/div>\n<div class=\"small-body\"><span style=\"font-weight: 400;\">Intromissions il\u00b7leg\u00edtimes mitjan\u00e7ant l&#8217;\u00fas de programes malignes de qualsevol tipus ia trav\u00e9s de qualsevol mitj\u00e0 de comunicaci\u00f3, com ara virus inform\u00e0tics o qualssevol altres;<\/span><\/div>\n<div class=\"small-body\"><span style=\"font-weight: 400;\">\u00das indegut o inadequat de la p\u00e0gina web<\/span> <span style=\"font-weight: 400;\">www.escolaperalcanvi.org<\/span><\/div>\n<div class=\"small-body\"><span style=\"font-weight: 400;\">Errors de seguretat o navegaci\u00f3 produ\u00efts per un mal funcionament del navegador o per l\u00fas de versions no actualitzades.<\/span><\/div>\n<div class=\"small-body title-h2\"><b>12.- JURISDICCI\u00d3.<\/b><\/div>\n<div class=\"small-body\"><span style=\"font-weight: 400;\">En cas de controv\u00e8rsia o conflicte que pugui derivar-se de la interpretaci\u00f3 o compliment del present Av\u00eds Legal, aquestes seran resoltes davant els Tribunals i Jutjats de Madrid, Espanya.<\/span><\/div>\n<div class=\"small-body\"><span style=\"font-weight: 400;\">Si alguna cl\u00e0usula o apartat de les presents Condicions generals, que no sigui de naturalesa essencial per a l&#8217; exist\u00e8ncia del mateix, \u00e9s declarada nul\u00b7la o inaplicable, la validesa de les restants cl\u00e0usules no es veur\u00e0 afectada. <\/span><span style=\"font-weight: 400;\">www.escuelaparaelcambio.org<\/span><\/div>\n<p>[\/vc_column_text][\/vc_column][\/vc_row]<\/p>\n<\/div>","protected":false},"excerpt":{"rendered":"<p>[vc_row][vc_column][vc_column_text] L&#8217;acc\u00e9s i la navegaci\u00f3 en aquest lloc web impliquen l&#8217;acceptaci\u00f3 expressa i \u00edntegra de totes i cadascuna de les&#8230;<\/p>\n","protected":false},"author":1,"featured_media":0,"parent":0,"menu_order":0,"comment_status":"closed","ping_status":"closed","template":"","meta":{"footnotes":""},"class_list":["post-30272","page","type-page","status-publish"],"_links":{"self":[{"href":"https:\/\/escuelaparaelcambio.org\/ca\/wp-json\/wp\/v2\/pages\/30272","targetHints":{"allow":["GET"]}}],"collection":[{"href":"https:\/\/escuelaparaelcambio.org\/ca\/wp-json\/wp\/v2\/pages"}],"about":[{"href":"https:\/\/escuelaparaelcambio.org\/ca\/wp-json\/wp\/v2\/types\/page"}],"author":[{"embeddable":true,"href":"https:\/\/escuelaparaelcambio.org\/ca\/wp-json\/wp\/v2\/users\/1"}],"replies":[{"embeddable":true,"href":"https:\/\/escuelaparaelcambio.org\/ca\/wp-json\/wp\/v2\/comments?post=30272"}],"version-history":[{"count":0,"href":"https:\/\/escuelaparaelcambio.org\/ca\/wp-json\/wp\/v2\/pages\/30272\/revisions"}],"wp:attachment":[{"href":"https:\/\/escuelaparaelcambio.org\/ca\/wp-json\/wp\/v2\/media?parent=30272"}],"curies":[{"name":"wp","href":"https:\/\/api.w.org\/{rel}","templated":true}]}}