{"id":30279,"date":"2016-09-06T09:16:46","date_gmt":"2016-09-06T07:16:46","guid":{"rendered":"https:\/\/dev.dynamium.es\/politica-de-privacitat\/"},"modified":"2024-02-21T12:48:10","modified_gmt":"2024-02-21T11:48:10","slug":"politica-de-privacidad","status":"publish","type":"page","link":"https:\/\/escuelaparaelcambio.org\/ca\/politica-de-privacidad\/","title":{"rendered":"Pol\u00edtica de Privacitat"},"content":{"rendered":"<div class=\"wpb-content-wrapper\"><p>[vc_row][vc_column][vc_column_text]<span style=\"font-weight: 400;\">Aquesta Pol\u00edtica de Privacitat \u00e9s part integrant de les condicions generals. L&#8217;acc\u00e9s i la navegaci\u00f3 al lloc, o l&#8217;\u00fas dels serveis del mateix, impliquen l&#8217;acceptaci\u00f3 de les condicions generals (i per tant de la pol\u00edtica de Privacitat i pol\u00edtica de Cookies). Per favor, llegiu-les atentament.<\/span><\/p>\n<div class=\"title-h2\"><span style=\"font-weight: 400;\">En aquesta Pol\u00edtica de Privacitat informem sobre:<\/span><\/div>\n<ul>\n<li style=\"font-weight: 400;\" aria-level=\"1\"><span style=\"font-weight: 400;\">Qui \u00e9s el responsable del tractament de les seves dades?<\/span><\/li>\n<li style=\"font-weight: 400;\" aria-level=\"1\"><span style=\"font-weight: 400;\">Quina \u00e9s la legitimaci\u00f3 per al tractament de les vostres dades?<\/span><\/li>\n<li style=\"font-weight: 400;\" aria-level=\"1\"><span style=\"font-weight: 400;\">Qui pot facilitar-nos dades?<\/span><\/li>\n<li style=\"font-weight: 400;\" aria-level=\"1\"><span style=\"font-weight: 400;\">Quines dades recopilem?<\/span><\/li>\n<li style=\"font-weight: 400;\" aria-level=\"1\"><span style=\"font-weight: 400;\">Com es fa servir la informaci\u00f3?<\/span><\/li>\n<li style=\"font-weight: 400;\" aria-level=\"1\"><span style=\"font-weight: 400;\">Comunicacions a trav\u00e9s de correu electr\u00f2nic<\/span><\/li>\n<li style=\"font-weight: 400;\" aria-level=\"1\"><span style=\"font-weight: 400;\">Com i on es comparteix la informaci\u00f3?<\/span><\/li>\n<li style=\"font-weight: 400;\" aria-level=\"1\"><span style=\"font-weight: 400;\">Durant quant temps vam mantenir les dades personals?<\/span><\/li>\n<li style=\"font-weight: 400;\" aria-level=\"1\"><span style=\"font-weight: 400;\">Seguretat de les vostres dades<\/span><\/li>\n<li style=\"font-weight: 400;\" aria-level=\"1\"><span style=\"font-weight: 400;\">Quins Drets t\u00e9?<\/span><\/li>\n<li style=\"font-weight: 400;\" aria-level=\"1\"><span style=\"font-weight: 400;\">Responsable de Privacitat<\/span><\/li>\n<li style=\"font-weight: 400;\" aria-level=\"1\"><span style=\"font-weight: 400;\">Canvis en la Pol\u00edtica de Privacitat<\/span><\/li>\n<\/ul>\n<div class=\"title-h2\"><span style=\"font-weight: 400;\">Qui \u00e9s el responsable del tractament de les seves dades?<\/span><\/div>\n<div class=\"title-h4\"><span style=\"font-weight: 400;\">Fundaci\u00f3 Entrecultures Fe i Alegria<\/span><\/div>\n<ul>\n<li style=\"font-weight: 400;\" aria-level=\"1\"><span style=\"font-weight: 400;\">Carrer Maldonado, 1, A, planta 3<\/span><\/li>\n<li style=\"font-weight: 400;\" aria-level=\"1\"><span style=\"font-weight: 400;\">28006 Madrid (Espanya)<\/span><\/li>\n<li style=\"font-weight: 400;\" aria-level=\"1\"><span style=\"font-weight: 400;\">CIF. G-82409020<\/span><\/li>\n<li style=\"font-weight: 400;\" aria-level=\"1\"><span style=\"font-weight: 400;\">Contacte per a modificaci\u00f3 de dades: datos@entreculturas.org<\/span><\/li>\n<li style=\"font-weight: 400;\" aria-level=\"1\">Contacte DPO: rgpd@entreculturas.org<\/li>\n<\/ul>\n<div class=\"title-h4\"><span style=\"font-weight: 400;\">FUNDACI\u00d3 ALBOAN<\/span><\/div>\n<ul>\n<li style=\"font-weight: 400;\" aria-level=\"1\"><span style=\"font-weight: 400;\">Carrer Pare Lojendio, 2. 2a<\/span><\/li>\n<li style=\"font-weight: 400;\" aria-level=\"1\"><span style=\"font-weight: 400;\">48008 \u2013 Bilbao (Espanya)<\/span><\/li>\n<li style=\"font-weight: 400;\" aria-level=\"1\"><span style=\"font-weight: 400;\">CIF. G-48811376<\/span><\/li>\n<li style=\"font-weight: 400;\" aria-level=\"1\"><span style=\"font-weight: 400;\">Contacte per a modificaci\u00f3 de dades: info@alboan.org<\/span><\/li>\n<\/ul>\n<div class=\"title-h2\"><span style=\"font-weight: 400;\">Quina \u00e9s la legitimaci\u00f3 per al tractament de les vostres dades?<\/span><\/div>\n<p><span style=\"font-weight: 400;\">La base jur\u00eddica que legitima el tractament de les vostres dades varia en funci\u00f3 de la finalitat i la forma d&#8217;obtenci\u00f3 de les vostres dades: en alguns casos ser\u00e0 l&#8217;execuci\u00f3 d&#8217;un acord, mentre que en altres l&#8217;obtenci\u00f3 del vostre consentiment mitjan\u00e7ant la marcaci\u00f3 d&#8217;una casella habilitada a aquest efecte, o mitjan\u00e7ant un altre mecanisme disposat que constitueixi en tot cas una acci\u00f3 afirmativa, l&#8217;inter\u00e8s leg\u00edtim d&#8217;ENTRECULTURES o ALBOAN com a Responsables del tractament, o una obligaci\u00f3 legal.  <\/span><\/p>\n<div class=\"title-h2\"><span style=\"font-weight: 400;\">Qui pot facilitar-nos dades?<\/span><\/div>\n<p><span style=\"font-weight: 400;\">En accedir a la nostra p\u00e0gina, manifesta que totes les dades que ens faciliti, b\u00e9 siguin obligat\u00f2ries per prestar el servei o informaci\u00f3, o b\u00e9 dades comunit\u00e0ries quan es vol col\u00b7laborar amb nosaltres, realitzar algun comentari als nostres blogs o participar en les nostres peticions, s\u00f3n veraces i correctes; \u00e9s a dir, responen a la seva situaci\u00f3 real. <\/span><\/p>\n<p><span style=\"font-weight: 400;\">Les dades han de ser facilitades pel mateix interessat, no obstant aix\u00f2, en determinats casos podran facilitar-se dades de tercers, sempre que es garanteixi haver informat a l&#8217;interessat i obtingut el seu consentiment, no responsabilitzant-se d&#8217;aix\u00f2 ENTRECULTURES o ALBOAN en cap cas.  <\/span><\/p>\n<p><span style=\"font-weight: 400;\">Proporcionar aquestes dades suposa que han estat subministrades volunt\u00e0riament i amb consentiment perqu\u00e8 puguin ser tractades tant inform\u00e0tica com de manera no automatitzada i per a finalitats determinades i leg\u00edtimes que la Fundaci\u00f3 Entreculturas Fe i Alegria o Fundaci\u00f3 Alboan descriu a continuaci\u00f3, no sent utilitzats per a fins incompatibles , ni cedits a tercers sense el seu consentiment.<\/span><\/p>\n<div class=\"title-h2\"><span style=\"font-weight: 400;\">Quines dades recopilem?<\/span><\/div>\n<p><span style=\"font-weight: 400;\">En enviar una consulta d&#8217;informaci\u00f3, apuntar-se a la nostra newsletters, participar en les nostres accions, facilitar el seu suport a les nostres campanyes, posar-se en contacte amb nosaltres a trav\u00e9s de correu electr\u00f2nic, realitzar comentaris als nostres blogs o b\u00e9 col\u00b7laborar amb nosaltres (com a soci i\/o com a donant), podem sol\u00b7licitar-li que ens faciliti una s\u00e8rie de dades i informacions personals tal com el seu nom,  cognoms, adre\u00e7a, email, tel\u00e8fon de contacte, etc. Per ser soci o donant de la Fundaci\u00f3 Entreculturas Fe i Alegria o Fundaci\u00f3 Alboan, sol\u00b7licitarem altres categories de dades necess\u00e0ries per establir aquest vincle, com ara dades econ\u00f2miques.  <\/span><\/p>\n<p><span style=\"font-weight: 400;\">Les dades que sol\u00b7licitem, i que s\u00f3n objecte de tractament seran sempre adequades, pertinents i no excessives a la vostra sol\u00b7licitud d&#8217;informaci\u00f3, col\u00b7laboraci\u00f3 i\/o participaci\u00f3 dins de la Fundaci\u00f3 Entreculturas Fe i Alegria i Fundaci\u00f3 Alboan.<\/span><\/p>\n<div class=\"title-h2\"><span style=\"font-weight: 400;\">Com es fa servir la informaci\u00f3?<\/span><\/div>\n<p><span style=\"font-weight: 400;\">La Fundaci\u00f3 Entreculturas Fe i Alegr\u00eda i Fundaci\u00f3n Alboan faran servir la informaci\u00f3 que ens proporciona per a les finalitats requerides en cadascun dels formularis de recollida de dades:<\/span><\/p>\n<ul>\n<li><span style=\"font-weight: 400;\">a) Resposta a sol\u00b7licituds d&#8217;Informaci\u00f3 de l&#8217;usuari. En cas que ens remeti una sol\u00b7licitud d&#8217;informaci\u00f3, tractarem les vostres dades amb la finalitat de rebre, gestionar, tramitar i donar resposta a les consultes i sol\u00b7licituds d&#8217;informaci\u00f3 que ens envieu a trav\u00e9s de les diverses formes de contacte, web o trameses a les nostres seus i delegacions.<\/span><\/li>\n<li><span style=\"font-weight: 400;\">b) Subscripci\u00f3 a Butllet\u00ed de not\u00edcies o Newsletters. Tractarem les seves dades d&#8217;identificaci\u00f3 i correu electr\u00f2nic per enviar-li les nostres not\u00edcies i newsletters. Podr\u00e0 donar-se de baixa en qualsevol moment.<\/span><\/li>\n<li><span style=\"font-weight: 400;\">c) Col\u00b7laborar o participar en les accions de petici\u00f3 organitzades per la Fundaci\u00f3 Entreculturas Fe i Alegr\u00eda i Fundaci\u00f3n Alboan. Les dades facilitades es tractaran per remetre-li informaci\u00f3 a trav\u00e9s de correu electr\u00f2nic i\/o postal de les nostres accions o d&#8217;accions organitzades conjuntament amb tercers per part de la Fundaci\u00f3. Si les peticions es presenten davant d&#8217; un Organisme nacional o supranacional, podran cedir-se les dades facilitades a la mateixa per a la comprovaci\u00f3 i verificaci\u00f3 de les peticions presentades.<\/span><\/li>\n<li><span style=\"font-weight: 400;\">d) Participar i incorporar comentaris als nostres blogs. Per participar en els nostres blogs i que el seu comentari pugui publicar-se, tractarem les dades d&#8217;usuari i correu electr\u00f2nic amb la finalitat d&#8217;identificar i gestionar la publicaci\u00f3 del mateix a la nostra web.<\/span><\/li>\n<li><span style=\"font-weight: 400;\">e) Col\u00b7laborar activament mitjan\u00e7ant una donaci\u00f3 o fer-se soci de la Fundaci\u00f3 Entreculturas Fe i Alegr\u00eda o Fundaci\u00f3n Alboan. En cas que accediu al nostre formulari a la secci\u00f3 \u201ccol\u00b7labora\u201d i empleneu les vostres dades. La informaci\u00f3 facilitada es tractar\u00e0 amb la finalitat de la gesti\u00f3 econ\u00f2mica, comptable, fiscal, administrativa dassociats i donants de la Fundaci\u00f3 Entreculturas Fe i Alegria o Fundaci\u00f3 Alboan.<\/span><\/li>\n<li><span style=\"font-weight: 400;\">f) Altres activitats organitzades per la Fundaci\u00f3 Entreculturas Fe i Alegria o Fundaci\u00f3 Alboan. Es podr\u00e0 col\u00b7laborar i participar en accions organitzades i\/o promogudes per la Fundaci\u00f3, facilitant les dades que siguin sol\u00b7licitades en els formularis corresponents i per a les finalitats expressament indicades en els mateixos.<\/span><\/li>\n<\/ul>\n<p><strong>Comunicacions a trav\u00e9s de correu electr\u00f2nic<\/strong><\/p>\n<p><span style=\"font-weight: 400;\">En enviar-nos una consulta o sol\u00b7licitud d&#8217;informaci\u00f3 a trav\u00e9s del correu electr\u00f2nic de contacte, ens est\u00e0 proporcionant el consentiment, conscient i expr\u00e9s per al tractament de les dades facilitades a la Fundaci\u00f3 Entreculturas Fe i Alegr\u00eda o Fundaci\u00f3 Alboan amb la finalitat de donar resposta a la consulta o sol\u00b7licitud plantejada; no obstant aix\u00f2, no enviarem comunicacions comercials tret que ens hagi proporcionat el consentiment expr\u00e9s per fer-ho.  <\/span><\/p>\n<p><span style=\"font-weight: 400;\">Als nostres correus electr\u00f2nics trobareu informaci\u00f3 per revocar el consentiment o donar-vos de baixa de qualsevol comunicaci\u00f3 de la Fundaci\u00f3 Entreculturas Fe i Alegria o Fundaci\u00f3 Alboan.<\/span><\/p>\n<div class=\"title-h2\"><span style=\"font-weight: 400;\">Com i on es comparteix la informaci\u00f3?<\/span><\/div>\n<p><span style=\"font-weight: 400;\">La Fundaci\u00f3 Entreculturas Fe i Alegria i Fundaci\u00f3 Alboan informen, de manera expressa, que en els sup\u00f2sits en qu\u00e8 col\u00b7labori o participi en determinades accions (Carrera solid\u00e0ria, Concert solidari, Peticions a Nacions Unides, Socis i Donacions, etc.), procedirem a cedir les dades als organismes i administracions, bancs i altres entitats col\u00b7laboradores d&#8217;acord amb la normativa legal vigent i, per a la gesti\u00f3 corporativa de la informaci\u00f3.<\/span><\/p>\n<div class=\"title-h2\"><span style=\"font-weight: 400;\">Durant quant temps vam mantenir les dades personals?<\/span><\/div>\n<ul>\n<li style=\"font-weight: 400;\" aria-level=\"1\"><span style=\"font-weight: 400;\">Les dades personals seran mantingudes mentre segueixi vinculat amb nosaltres.<\/span><\/li>\n<li style=\"font-weight: 400;\" aria-level=\"1\"><span style=\"font-weight: 400;\">Un cop es desvinculi, les dades personals tractades a cada finalitat es mantindran durant els terminis legalment previstos, incl\u00f2s el termini en qu\u00e8 un jutge o tribunal les pugui requerir atenent el termini de prescripci\u00f3 d&#8217;accions judicials.<\/span><\/li>\n<\/ul>\n<div class=\"title-h2\"><span style=\"font-weight: 400;\">Seguretat de les dades proporcionades<\/span><\/div>\n<p><span style=\"font-weight: 400;\">La Fundaci\u00f3 Entreculturas Fe i Alegr\u00eda i Fundaci\u00f3n Alboan donen gran import\u00e0ncia a la seguretat de tota la informaci\u00f3 ia les dades de car\u00e0cter personal que tractem. Desafortunadament, la transmissi\u00f3 d&#8217;informaci\u00f3 a trav\u00e9s d&#8217;Internet no \u00e9s completament segura; per aix\u00f2, fem esfor\u00e7os i destinem recursos a millorar cada dia la nostra p\u00e0gina i que les funcionalitats que es posen a la seva disposici\u00f3 siguin m\u00e9s segures (La funcionalitat https s&#8217;ha implementat en els formularis de socis i donacions, amb la finalitat de protegir les dades economicofinanceres amb eines de xifrat SSL).<\/span><\/p>\n<p><span style=\"font-weight: 400;\">Un cop haguem rebut la vostra informaci\u00f3, s&#8217;implementen mesures de seguretat per garantir la confidencialitat, integritat i evitar qualsevol p\u00e8rdua, mal \u00fas i\/o alteraci\u00f3 de les dades que estan sota el nostre control. Les nostres pol\u00edtiques de seguretat i privacitat s\u00f3n revisades peri\u00f2dicament i millorades segons sigui necessari i nom\u00e9s el personal autoritzat t\u00e9 acc\u00e9s a la informaci\u00f3 de l&#8217;usuari.<\/span><\/p>\n<div class=\"title-h2\"><span style=\"font-weight: 400;\">Quins Drets t\u00e9?<\/span><\/div>\n<ul>\n<li style=\"font-weight: 400;\" aria-level=\"1\"><span style=\"font-weight: 400;\">A saber si estem tractant les vostres dades o no.<\/span><\/li>\n<li style=\"font-weight: 400;\" aria-level=\"1\"><span style=\"font-weight: 400;\">A accedir a les vostres dades personals.<\/span><\/li>\n<li style=\"font-weight: 400;\" aria-level=\"1\"><span style=\"font-weight: 400;\">A sol\u00b7licitar la rectificaci\u00f3 de les vostres dades si s\u00f3n inexactes.<\/span><\/li>\n<li style=\"font-weight: 400;\" aria-level=\"1\"><span style=\"font-weight: 400;\">A sol\u00b7licitar la supressi\u00f3 de les vostres dades si ja no s\u00f3n necess\u00e0ries per als fins per als quals van ser recollits o si ens retira el consentiment atorgat.<\/span><\/li>\n<li style=\"font-weight: 400;\" aria-level=\"1\"><span style=\"font-weight: 400;\">A sol\u00b7licitar la limitaci\u00f3 del tractament de les vostres dades, en alguns sup\u00f2sits, cas en qu\u00e8 nom\u00e9s les conservarem d&#8217;acord amb la normativa vigent.<\/span><\/li>\n<li style=\"font-weight: 400;\" aria-level=\"1\"><span style=\"font-weight: 400;\">A remetre-li les dades que sobre vost\u00e8 es guarden a ENTRECULTURES o ALBOAN i que li seran facilitades en un format estructurat, d&#8217;\u00fas com\u00fa o lectura mec\u00e0nica. Si ho prefereix, els podem enviar al nou responsable que ens designi. (Nom\u00e9s \u00e9s v\u00e0lid en determinats sup\u00f2sits).<\/span><\/li>\n<li style=\"font-weight: 400;\" aria-level=\"1\"><span style=\"font-weight: 400;\">A presentar una reclamaci\u00f3 davant l&#8217;Ag\u00e8ncia Espanyola de Protecci\u00f3 de Dades o autoritat de control competent, si creieu que no us hem at\u00e8s correctament.<\/span><\/li>\n<li style=\"font-weight: 400;\" aria-level=\"1\"><span style=\"font-weight: 400;\">A revocar el consentiment per a qualsevol tractament per al qual hagi consentit, en qualsevol moment.<\/span><\/li>\n<\/ul>\n<p><span style=\"font-weight: 400;\">Si modifica alguna dada, li agra\u00efm que ens ho comuniqui per mantenir-los actualitzats.<\/span><\/p>\n<p><span style=\"font-weight: 400;\">Aquesta web pot contenir enlla\u00e7os cap ai des d&#8217;altres p\u00e0gines web, b\u00e9 dels nostres patrocinadors, socis, empreses associades o empreses col\u00b7laboradores, entre d&#8217;altres. Si s&#8217;accedeix a aquestes p\u00e0gines, cal tenir en compte que hi poden tornar a sol\u00b7licitar dades o informacions personals. Per aix\u00f2, preguem que quan es visitin aquestes p\u00e0gines, es revisi tamb\u00e9 la seva pol\u00edtica de privacitat.  <\/span><\/p>\n<div class=\"title-h2\"><span style=\"font-weight: 400;\">Responsable de Privacitat<\/span><\/div>\n<p><span style=\"font-weight: 400;\">En qualsevol moment es poden sol\u00b7licitar, de manera totalment gratu\u00efta, b\u00e9 per carta o a trav\u00e9s de correu electr\u00f2nic, l&#8217;exercici dels seus drets, havent d&#8217;incorporar a la seva sol\u00b7licitud fotoc\u00f2pia del seu DNI\/NIE\/Passaport, ja que es tracta d&#8217;un dret personal\u00edssim.<\/span><\/p>\n<p><span style=\"font-weight: 400;\">Les sol\u00b7licituds s&#8217;hauran de remetre al responsable de privacitat en la seg\u00fcent adre\u00e7a:<\/span><\/p>\n<div class=\"title-h4\"><span style=\"font-weight: 400;\">FUNDACI\u00d3 ENTRECULTURES FE I ALEGRIA<\/span><\/div>\n<p><span style=\"font-weight: 400;\">Att. Responsable Privacitat <\/span><\/p>\n<p><span style=\"font-weight: 400;\">Carrer Maldonado, 1, A, planta 3<\/span><\/p>\n<p><span style=\"font-weight: 400;\">28006 Madrid (Espanya)<\/span><\/p>\n<p><span style=\"font-weight: 400;\">Email: datos@entreculturas.org<\/span><\/p>\n<p>A m\u00e9s, si teniu alguna q\u00fcesti\u00f3 addicional relacionada amb Protecci\u00f3 de dades, podeu adre\u00e7ar-vos al nostre Delegat de Protecci\u00f3 de dades a rgpd@entreculturas.org. <\/p>\n<div class=\"title-h4\"><span style=\"font-weight: 400;\">FUNDACI\u00d3 ALBOAN<\/span><\/div>\n<p><span style=\"font-weight: 400;\">Carrer Pare Lojendio, 2. 2a.<\/span><\/p>\n<p><span style=\"font-weight: 400;\">48008 \u2013 Bilbao (Espanya)<\/span><\/p>\n<p><span style=\"font-weight: 400;\">CIF. G-48811376<\/span><\/p>\n<p><span style=\"font-weight: 400;\">Contacte per a modificaci\u00f3 de dades: <a href=\"mailto:info@alboan.org\">info@alboan.org<\/a><\/span><\/p>\n<p><span style=\"font-weight: 400;\"> <\/span><\/p>\n<div class=\"title-h2\"><span style=\"font-weight: 400;\">Canvis en la Pol\u00edtica de Privacitat<\/span><\/div>\n<p><span style=\"font-weight: 400;\">La Fundaci\u00f3 Entreculturas Fe i Alegr\u00eda i Fundaci\u00f3n Alboan poden modificar o adaptar la seva Pol\u00edtica de Privadesa i Tractament de dades de Car\u00e0cter Personal. Recomanem que es visiti cada vegada que navegueu pel lloc per tal d&#8217;estar sempre informat amb car\u00e0cter previ a qualsevol dada que ens pugui facilitar<\/span>[\/vc_column_text][\/vc_column][\/vc_row]<\/p>\n<\/div>","protected":false},"excerpt":{"rendered":"<p>[vc_row][vc_column][vc_column_text]Aquesta Pol\u00edtica de Privacitat \u00e9s part integrant de les condicions generals. L&#8217;acc\u00e9s i la navegaci\u00f3 al lloc, o l&#8217;\u00fas dels&#8230;<\/p>\n","protected":false},"author":1,"featured_media":0,"parent":0,"menu_order":0,"comment_status":"closed","ping_status":"closed","template":"","meta":{"footnotes":""},"class_list":["post-30279","page","type-page","status-publish"],"_links":{"self":[{"href":"https:\/\/escuelaparaelcambio.org\/ca\/wp-json\/wp\/v2\/pages\/30279","targetHints":{"allow":["GET"]}}],"collection":[{"href":"https:\/\/escuelaparaelcambio.org\/ca\/wp-json\/wp\/v2\/pages"}],"about":[{"href":"https:\/\/escuelaparaelcambio.org\/ca\/wp-json\/wp\/v2\/types\/page"}],"author":[{"embeddable":true,"href":"https:\/\/escuelaparaelcambio.org\/ca\/wp-json\/wp\/v2\/users\/1"}],"replies":[{"embeddable":true,"href":"https:\/\/escuelaparaelcambio.org\/ca\/wp-json\/wp\/v2\/comments?post=30279"}],"version-history":[{"count":0,"href":"https:\/\/escuelaparaelcambio.org\/ca\/wp-json\/wp\/v2\/pages\/30279\/revisions"}],"wp:attachment":[{"href":"https:\/\/escuelaparaelcambio.org\/ca\/wp-json\/wp\/v2\/media?parent=30279"}],"curies":[{"name":"wp","href":"https:\/\/api.w.org\/{rel}","templated":true}]}}