{"id":31011,"date":"2023-09-23T13:09:08","date_gmt":"2023-09-23T11:09:08","guid":{"rendered":"https:\/\/dev.dynamium.es\/l-escola\/"},"modified":"2024-02-19T09:09:22","modified_gmt":"2024-02-19T08:09:22","slug":"l-escola","status":"publish","type":"page","link":"https:\/\/escuelaparaelcambio.org\/ca\/l-escola\/","title":{"rendered":"L&#8217; escola"},"content":{"rendered":"<div class=\"wpb-content-wrapper\"><p>[vc_row full_width=&#8221;stretch_row&#8221; css=&#8221;.vc_custom_1695466757556{margin-top: 0px !important;margin-bottom: 0px !important;padding-top: 110px !important;padding-bottom: 135px !important;background-color: #f0f3f2 !important;}&#8221;][vc_column]<div class=\"clearboth\"><\/div><style>#thegem-divider-6a09816114530 {margin-top: -5px !important;}<\/style><div id=\"thegem-divider-6a09816114530\" class=\"gem-divider  \" style=\"\" ><\/div>[vc_column_text css_animation=&#8221;bottom-to-top&#8221; el_class=&#8221;uppercase-disable&#8221;]<\/p>\n<div class=\"title-h1\" style=\"text-align: center;\">Benvingut, benvinguda a la nostra Escola, la plataforma formativa d&#8217;Entrecultures i Alboan.<\/div>\n<p>[\/vc_column_text]<div class=\"clearboth\"><\/div><style>#thegem-divider-6a098161145c7 {margin-top: 60px !important;}<\/style><div id=\"thegem-divider-6a098161145c7\" class=\"gem-divider  \" style=\"\" ><\/div>[vc_column_text css_animation=&#8221;bottom-to-top&#8221;]<\/p>\n<div class=\"styled-subtitle\" style=\"text-align: center;\">Aquest espai t&#8217;ofereix diferents cursos i recursos per aprofundir en els nostres focus de treball, les 5 Causes (Dret a l&#8217;educaci\u00f3, Igualtat de g\u00e8nere, Just\u00edcia socioambiental, Migraci\u00f3 i refugi, Participaci\u00f3 ciutadana), els Objectius de Desenvolupament Sostenible (ODS) i molts m\u00e9s temes.<\/div>\n<div class=\"styled-subtitle\" style=\"text-align: center; margin-top: 30px;\">Com volem que aprenguis m\u00e9s sobre el m\u00f3n i sobre tu mateix\/a, posem a la teva disposici\u00f3:<\/div>\n<p>[\/vc_column_text][\/vc_column][\/vc_row][vc_row full_width=&#8221;stretch_row_content_no_spaces&#8221; equal_height=&#8221;yes&#8221; content_placement=&#8221;middle&#8221; css=&#8221;.vc_custom_1695467327092{margin-bottom: 0px !important;}&#8221;][vc_column css=&#8221;.vc_custom_1699366106923{margin-top: 0px !important;margin-bottom: 0px !important;padding-top: 250px !important;padding-bottom: 250px !important;background-image: url(https:\/\/escuelaparaelcambio.org\/wp-content\/uploads\/047A0606_JulioPerez-Medium-5.jpg?id=31701) !important;background-position: center !important;background-repeat: no-repeat !important;background-size: cover !important;}&#8221; offset=&#8221;vc_col-lg-6 vc_col-md-12 vc_col-xs-12&#8243;][\/vc_column][vc_column disable_custom_paddings_tablet=&#8221;true&#8221; disable_custom_paddings_mobile=&#8221;true&#8221; css=&#8221;.vc_custom_1554909805203{margin-top: 0px !important;margin-bottom: 0px !important;padding-top: 90px !important;padding-right: 80px !important;padding-bottom: 80px !important;padding-left: 80px !important;}&#8221; offset=&#8221;vc_col-lg-6 vc_col-md-12 vc_col-xs-12&#8243;]<div class=\"clearboth\"><\/div><style>#thegem-divider-6a09816114620 {margin-top: -20px !important;}<\/style><div id=\"thegem-divider-6a09816114620\" class=\"gem-divider  \" style=\"\" ><\/div>[vc_column_text css_animation=&#8221;bottom-to-top&#8221; el_class=&#8221;uppercase-disable&#8221;]<\/p>\n<div class=\"title-h1\">Cursos e-learning<\/div>\n<p>[\/vc_column_text]<div class=\"clearboth\"><\/div><style>#thegem-divider-6a09816114661 {margin-top: 30px !important;}<\/style><div id=\"thegem-divider-6a09816114661\" class=\"gem-divider  \" style=\"\" ><\/div>[vc_column_text css_animation=&#8221;bottom-to-top&#8221;]Cursos e-learning per formar-te de forma amena i vivencial. Pots anar fent-los al teu ritme o de manera tutoritzada sempre que sapiguem noves edicions. Tindr\u00e0s l&#8217;oportunitat de compartir els teus aven\u00e7os en els f\u00f2rums de participaci\u00f3 i enriquir-te tamb\u00e9 amb l&#8217;opini\u00f3 dels teus companys i companyes virtuals. A m\u00e9s, en completar tots els m\u00f2duls rebr\u00e0s un certificat de participaci\u00f3.[\/vc_column_text]<div class=\"clearboth\"><\/div><style>#thegem-divider-6a0981611469b {margin-top: 30px !important;}<\/style><div id=\"thegem-divider-6a0981611469b\" class=\"gem-divider  \" style=\"\" ><\/div><style type=\"text\/css\">.thegem-button-6a0981611481a9845 .gem-button svg {fill: #ffffff;}<\/style><div class=\"gem-button-container gem-button-position-inline thegem-button-6a0981611481a9845    \"  ><a title=\"Cursos\" class=\"gem-button gem-button-size-medium gem-button-style-flat gem-button-text-weight-normal\" data-ll-effect=\"drop-right-without-wrap\" style=\"border-radius: 20px;background-color: #d6000c;color: #ffffff;\" onmouseleave=\"this.style.backgroundColor='#d6000c';this.style.color='#ffffff';\" onmouseenter=\"\" href=\"https:\/\/escuelaparaelcambio.org\/ca\/cursos\/\" target=\"_self\">Veure cursos<\/a><\/div> [\/vc_column][\/vc_row][vc_row full_width=&#8221;stretch_row_content_no_spaces&#8221; equal_height=&#8221;yes&#8221; content_placement=&#8221;middle&#8221; css=&#8221;.vc_custom_1587117544301{margin-bottom: 0px !important;}&#8221;][vc_column disable_custom_paddings_tablet=&#8221;true&#8221; disable_custom_paddings_mobile=&#8221;true&#8221; css=&#8221;.vc_custom_1554909805203{margin-top: 0px !important;margin-bottom: 0px !important;padding-top: 90px !important;padding-right: 80px !important;padding-bottom: 80px !important;padding-left: 80px !important;}&#8221; offset=&#8221;vc_col-lg-6 vc_col-md-12 vc_col-xs-12&#8243;]<div class=\"clearboth\"><\/div><style>#thegem-divider-6a098161148b1 {margin-top: -20px !important;}<\/style><div id=\"thegem-divider-6a098161148b1\" class=\"gem-divider  \" style=\"\" ><\/div>[vc_column_text css_animation=&#8221;bottom-to-top&#8221; el_class=&#8221;uppercase-disable&#8221;]<\/p>\n<div class=\"title-h1\">Blog<\/div>\n<p>[\/vc_column_text]<div class=\"clearboth\"><\/div><style>#thegem-divider-6a09816114912 {margin-top: 30px !important;}<\/style><div id=\"thegem-divider-6a09816114912\" class=\"gem-divider  \" style=\"\" ><\/div>[vc_column_text css_animation=&#8221;bottom-to-top&#8221;]<span style=\"font-weight: 400;\">Un blog en el qual trobar\u00e0s entrades en diferents formats (articles, v\u00eddeos, podcast, testimonis&#8230;) sobre tem\u00e0tiques relacionades amb les causes per les quals treballem, la cooperaci\u00f3, el voluntariat i els ODS. T&#8217;acostarem veus perif\u00e8riques i realitats invisibilitzades, ajudant-te a llegir i a aprofundir en l&#8217;actualitat des d&#8217;una clau pedag\u00f2gica. <\/span>[\/vc_column_text]<div class=\"clearboth\"><\/div><style>#thegem-divider-6a09816114954 {margin-top: 30px !important;}<\/style><div id=\"thegem-divider-6a09816114954\" class=\"gem-divider  \" style=\"\" ><\/div><style type=\"text\/css\">.thegem-button-6a09816114a266021 .gem-button svg {fill: #ffffff;}<\/style><div class=\"gem-button-container gem-button-position-inline thegem-button-6a09816114a266021    \"  ><a title=\"Cursos\" class=\"gem-button gem-button-size-medium gem-button-style-flat gem-button-text-weight-normal\" data-ll-effect=\"drop-right-without-wrap\" style=\"border-radius: 20px;background-color: #d6000c;color: #ffffff;\" onmouseleave=\"this.style.backgroundColor='#d6000c';this.style.color='#ffffff';\" onmouseenter=\"\" href=\"https:\/\/escuelaparaelcambio.org\/ca\/actualidad\/\" target=\"_self\">Anar al blog<\/a><\/div> [\/vc_column][vc_column css=&#8221;.vc_custom_1695467542114{margin-top: 0px !important;margin-bottom: 0px !important;padding-top: 250px !important;padding-bottom: 250px !important;background-image: url(https:\/\/escuelaparaelcambio.org\/wp-content\/uploads\/mujeres-en-congo-2.jpeg?id=4891) !important;background-position: center !important;background-repeat: no-repeat !important;background-size: cover !important;}&#8221; offset=&#8221;vc_col-lg-6 vc_col-md-12 vc_col-xs-12&#8243;][\/vc_column][\/vc_row][vc_row full_width=&#8221;stretch_row&#8221; css=&#8221;.vc_custom_1695467768961{padding-top: 80px !important;padding-bottom: 80px !important;background-color: #f0f3f2 !important;}&#8221;][vc_column][vc_column_text css_animation=&#8221;bottom-to-top&#8221;]<\/p>\n<div class=\"styled-subtitle\" style=\"text-align: center;\">Volem generar reflexi\u00f3, q\u00fcestionament personal i passi\u00f3 pel canvi social, ajudar a fer-nos ciutadans i ciutadanes globals i que la nostra Escola Online arribi a ser referent en la <strong>formaci\u00f3 per al desenvolupament i el canvi social<\/strong>.<\/div>\n<p>[\/vc_column_text][\/vc_column][\/vc_row]<\/p>\n<\/div>","protected":false},"excerpt":{"rendered":"<p>[vc_row full_width=&#8221;stretch_row&#8221; css=&#8221;.vc_custom_1695466757556{margin-top: 0px !important;margin-bottom: 0px !important;padding-top: 110px !important;padding-bottom: 135px !important;background-color: #f0f3f2 !important;}&#8221;][vc_column][vc_column_text css_animation=&#8221;bottom-to-top&#8221; el_class=&#8221;uppercase-disable&#8221;] Benvingut, benvinguda a la nostra&#8230;<\/p>\n","protected":false},"author":1,"featured_media":0,"parent":0,"menu_order":0,"comment_status":"closed","ping_status":"closed","template":"","meta":{"footnotes":""},"class_list":["post-31011","page","type-page","status-publish"],"_links":{"self":[{"href":"https:\/\/escuelaparaelcambio.org\/ca\/wp-json\/wp\/v2\/pages\/31011","targetHints":{"allow":["GET"]}}],"collection":[{"href":"https:\/\/escuelaparaelcambio.org\/ca\/wp-json\/wp\/v2\/pages"}],"about":[{"href":"https:\/\/escuelaparaelcambio.org\/ca\/wp-json\/wp\/v2\/types\/page"}],"author":[{"embeddable":true,"href":"https:\/\/escuelaparaelcambio.org\/ca\/wp-json\/wp\/v2\/users\/1"}],"replies":[{"embeddable":true,"href":"https:\/\/escuelaparaelcambio.org\/ca\/wp-json\/wp\/v2\/comments?post=31011"}],"version-history":[{"count":0,"href":"https:\/\/escuelaparaelcambio.org\/ca\/wp-json\/wp\/v2\/pages\/31011\/revisions"}],"wp:attachment":[{"href":"https:\/\/escuelaparaelcambio.org\/ca\/wp-json\/wp\/v2\/media?parent=31011"}],"curies":[{"name":"wp","href":"https:\/\/api.w.org\/{rel}","templated":true}]}}