{"id":31015,"date":"2016-04-21T11:10:15","date_gmt":"2016-04-21T09:10:15","guid":{"rendered":"https:\/\/dev.dynamium.es\/contacte\/"},"modified":"2023-11-07T15:39:37","modified_gmt":"2023-11-07T14:39:37","slug":"contacte","status":"publish","type":"page","link":"https:\/\/escuelaparaelcambio.org\/ca\/contacte\/","title":{"rendered":"Contacte"},"content":{"rendered":"<div class=\"wpb-content-wrapper\"><p>[vc_row full_width=&#8221;stretch_row&#8221; css=&#8221;.vc_custom_1695625048708{margin-bottom: 0px !important;background-position: center !important;background-repeat: no-repeat !important;background-size: cover !important;}&#8221; custom_css_code=&#8221;JTQwbWVkaWElMjAlMjhtYXgtd2lkdGglM0ElMjAxMTk5cHglMjklN0IlMEElMjAlMjAlMjAlMjAucm93JTIwJTNFJTIwJTJBJTIwJTdCJTIwbWFyZ2luLXRvcCUzQSUyMDAlM0IlMjAlN0QlMEElMjAlMjAlMjAlMjAucm93JTIwJTdCJTIwbWFyZ2luLXRvcCUzQSUyMDAlM0IlMjAlN0QlMjAlMjAlMEElN0QlMEEud3BjZjctZm9ybSUyMGlucHV0JTVCdHlwZSUzRCUyN3N1Ym1pdCUyNyU1RCU3QiUwQSUyMCUyMCUyMCUyMGZvbnQtc2l6ZSUzQSUyMDE0cHglM0IlMEElMjAlMjAlMjAlMjBsZXR0ZXItc3BhY2luZyUzQSUyMDEuMnB4JTNCJTBBJTdEJTBBdGV4dGFyZWElMjAlN0IlMEElMjAlMjAlMjAlMjBoZWlnaHQlM0ElMjAxNDBweCUzQiUwQSU3RA==&#8221;][vc_column width=&#8221;1\/2&#8243;][vc_column_text css=&#8221;.vc_custom_1699367844387{padding-top: 10px !important;}&#8221;]<\/p>\n<div class=\"styled-subtitle\">Si voleu posar-vos en contacte amb l&#8217;equip de l&#8217;Escola per al canvi, deixeu-nos aqu\u00ed les vostres dades i un missatge. Respondrem el m\u00e9s r\u00e0pid possible.<\/div>\n<p>[\/vc_column_text]<div class=\"clearboth\"><\/div><style>#thegem-divider-6a0973d7c90ed {margin-top: 30px !important;}<\/style><div id=\"thegem-divider-6a0973d7c90ed\" class=\"gem-divider  \" style=\"\" ><\/div>[vc_column_text css=&#8221;.vc_custom_1695623725808{padding-top: 10px !important;}&#8221;]<\/p>\n<div class=\"title-h6\">C\/ Maldonado n\u00ba1, 3\u00aa Planta<br \/>\n28006, Madrid<\/div>\n<p>[\/vc_column_text][vc_column_text css=&#8221;.vc_custom_1695623733842{padding-top: 10px !important;}&#8221;]<\/p>\n<div class=\"title-h6\">C\/ Padre Lojendio 2, 2\u00ba Planta<br \/>\n48008, Bilbao<\/div>\n<p>[\/vc_column_text][vc_column_text]<\/p>\n<div class=\"title-h4\"><span style=\"color: #d6000c;\">+34 91 590 26 72<\/span><\/div>\n<p>[\/vc_column_text][vc_column_text]<\/p>\n<div class=\"title-h4\"><span style=\"color: #d6000c;\">+34 944 151 135<\/span><\/div>\n<p>[\/vc_column_text][\/vc_column][vc_column width=&#8221;1\/2&#8243; offset=&#8221;vc_col-lg-offset-0 vc_col-md-offset-0 vc_col-sm-offset-0&#8243;]<div class=\"clearboth\"><\/div><style>#thegem-divider-6a0973d7c917f {margin-top: 10px !important;}<\/style><div id=\"thegem-divider-6a0973d7c917f\" class=\"gem-divider  \" style=\"\" ><\/div>\n<div class=\"wpcf7 no-js\" id=\"wpcf7-f31056-o1\" lang=\"ca\" dir=\"ltr\" data-wpcf7-id=\"31056\">\n<div class=\"screen-reader-response\"><p role=\"status\" aria-live=\"polite\" aria-atomic=\"true\"><\/p> <ul><\/ul><\/div>\n<form action=\"\/ca\/wp-json\/wp\/v2\/pages\/31015#wpcf7-f31056-o1\" method=\"post\" class=\"wpcf7-form init\" aria-label=\"Formulari de contacte\" novalidate=\"novalidate\" data-status=\"init\">\n<fieldset class=\"hidden-fields-container\"><legend class=\"screen-reader-text\">Hidden fields<\/legend><input type=\"hidden\" name=\"_wpcf7\" value=\"31056\" \/><input type=\"hidden\" name=\"_wpcf7_version\" value=\"6.1.5\" \/><input type=\"hidden\" name=\"_wpcf7_locale\" value=\"ca\" \/><input type=\"hidden\" name=\"_wpcf7_unit_tag\" value=\"wpcf7-f31056-o1\" \/><input type=\"hidden\" name=\"_wpcf7_container_post\" value=\"0\" \/><input type=\"hidden\" name=\"_wpcf7_posted_data_hash\" value=\"\" \/>\n<\/fieldset>\n<div class=\"contact-form row\">\n\t<div class=\"col-lg-12 col-md-12 col-xs-12\" style=\"margin-bottom:25px;\">\n\t\t<div class=\"form-line\">\n\t\t\t<span class=\"wpcf7-form-control-wrap\" data-name=\"your-nombre\"><input size=\"40\" maxlength=\"400\" class=\"wpcf7-form-control wpcf7-text wpcf7-validates-as-required\" aria-required=\"true\" aria-invalid=\"false\" placeholder=\"Nom*\" value=\"\" type=\"text\" name=\"your-nombre\" \/><\/span>\n\t\t<\/div>\n\t<\/div>\n       <div class=\"col-lg-12 col-md-12 col-xs-12\" style=\"margin-bottom:25px;\">\n\t\t<div class=\"form-line\">\n\t\t\t<span class=\"wpcf7-form-control-wrap\" data-name=\"your-apellidos\"><input size=\"40\" maxlength=\"400\" class=\"wpcf7-form-control wpcf7-text wpcf7-validates-as-required\" aria-required=\"true\" aria-invalid=\"false\" placeholder=\"Cognoms*\" value=\"\" type=\"text\" name=\"your-apellidos\" \/><\/span>\n\t\t<\/div>\n\t<\/div>\n       <div class=\"col-lg-12 col-md-12 col-xs-12\" style=\"margin-bottom:25px;\">\n\t\t<div class=\"form-line\">\n\t\t\t<span class=\"wpcf7-form-control-wrap\" data-name=\"your-telefono\"><input size=\"40\" maxlength=\"400\" class=\"wpcf7-form-control wpcf7-text wpcf7-validates-as-required\" aria-required=\"true\" aria-invalid=\"false\" placeholder=\"Tel\u00e8fon*\" value=\"\" type=\"text\" name=\"your-telefono\" \/><\/span>\n\t\t<\/div>\n\t<\/div>\n\t<div class=\"col-lg-12 col-md-12 col-xs-12\" style=\"margin-bottom:25px;\">\n\t\t<div class=\"form-line\">\n\t\t\t<span class=\"wpcf7-form-control-wrap\" data-name=\"your-email\"><input size=\"40\" maxlength=\"400\" class=\"wpcf7-form-control wpcf7-email wpcf7-validates-as-required wpcf7-text wpcf7-validates-as-email\" aria-required=\"true\" aria-invalid=\"false\" placeholder=\"Email*\" value=\"\" type=\"email\" name=\"your-email\" \/><\/span>\n\t\t<\/div>\n\t<\/div>\n\t<div class=\"col-lg-12 col-md-12 col-xs-12\" style=\"margin-bottom:20px;\">\n\t\t<div class=\"form-line\"><span class=\"wpcf7-form-control-wrap\" data-name=\"your-message\"><textarea cols=\"40\" rows=\"4\" maxlength=\"2000\" class=\"wpcf7-form-control wpcf7-textarea wpcf7-validates-as-required\" aria-required=\"true\" aria-invalid=\"false\" placeholder=\"Missatge\" name=\"your-message\"><\/textarea><\/span><\/div>\n\t<\/div>\n\t<div class=\"col-lg-12 col-md-12 col-xs-12\" style=\"margin-bottom:0px; font-size:12px; line-height:15px;\">\t\n   <div class=\"form-line\">\n<span class=\"wpcf7-form-control-wrap\" data-name=\"acceptance-politica-priv\"><span class=\"wpcf7-form-control wpcf7-acceptance\"><span class=\"wpcf7-list-item\"><label><input type=\"checkbox\" name=\"acceptance-politica-priv\" value=\"1\" aria-invalid=\"false\" \/><span class=\"wpcf7-list-item-label\">Accepto la  <a style=\"color: #d6000c;\" href=\"https:\/\/escuelaparaelcambio.org\/ca\/politica-de-privacitat\/\" target=\"_blank\"> pol\u00edtica de privadesa*.<\/a><\/span><\/label><\/span><\/span><\/span>\n   <p style=\"margin-top:15px;\">Vull rebre informaci\u00f3 sobre les campanyes d'ENTRECULTURES FE I ALEGRIA ESPANYA i formes de participaci\u00f3. En signar, accepto la pol\u00edtica de privadesa. Des d'ENTRECULTURES FE I ALEGRIA ESPANYA tractarem les dades aportades en qualitat de Responsable del tractament amb la finalitat de gestionar la nostra relaci\u00f3 amb tu, en pro dels nostres objectius fundacionals, sobre la base del consentiment o l'execuci\u00f3 d'un acord. Pots exercir els teus drets enviant un email a <a href=\"mailto:rgpd@entreculturas.org\">rgpd@entreculturas.org<\/a> amb l'assumpte \u201cProtecci\u00f3 de dades\u201d.<\/p><\/p>\n<span class=\"wpcf7-form-control-wrap\" data-name=\"comercial-aviso_\"><span class=\"wpcf7-form-control wpcf7-acceptance optional\"><span class=\"wpcf7-list-item\"><label><input type=\"checkbox\" name=\"comercial-aviso_\" value=\"1\" aria-invalid=\"false\" \/><span class=\"wpcf7-list-item-label\">Vull rebre informaci\u00f3 comercial de Entreculturas*.<\/span><\/label><\/span><\/span><\/span>\n<\/div>\n\t<\/div>\n\n\t<div class=\"col-lg-12 col-md-12 col-xs-12\">\n\t\t<div class=\"form-line-button\"><input class=\"wpcf7-form-control wpcf7-submit has-spinner\" type=\"submit\" value=\"enviar\" \/><\/div>\n\t<\/div>\n<\/div><p style=\"display: none !important;\" class=\"akismet-fields-container\" data-prefix=\"_wpcf7_ak_\"><label>&#916;<textarea name=\"_wpcf7_ak_hp_textarea\" cols=\"45\" rows=\"8\" maxlength=\"100\"><\/textarea><\/label><input type=\"hidden\" id=\"ak_js_1\" name=\"_wpcf7_ak_js\" value=\"127\"\/><script type=\"text\/javascript\">\n\/* <![CDATA[ *\/\ndocument.getElementById( \"ak_js_1\" ).setAttribute( \"value\", ( new Date() ).getTime() );\n\/* ]]> *\/\n<\/script>\n<\/p><div class=\"wpcf7-response-output\" aria-hidden=\"true\"><\/div>\n<\/form>\n<\/div>\n[\/vc_column][\/vc_row]<\/p>\n<\/div>","protected":false},"excerpt":{"rendered":"<p>[vc_row full_width=&#8221;stretch_row&#8221; css=&#8221;.vc_custom_1695625048708{margin-bottom: 0px !important;background-position: center !important;background-repeat: no-repeat !important;background-size: cover !important;}&#8221; custom_css_code=&#8221;JTQwbWVkaWElMjAlMjhtYXgtd2lkdGglM0ElMjAxMTk5cHglMjklN0IlMEElMjAlMjAlMjAlMjAucm93JTIwJTNFJTIwJTJBJTIwJTdCJTIwbWFyZ2luLXRvcCUzQSUyMDAlM0IlMjAlN0QlMEElMjAlMjAlMjAlMjAucm93JTIwJTdCJTIwbWFyZ2luLXRvcCUzQSUyMDAlM0IlMjAlN0QlMjAlMjAlMEElN0QlMEEud3BjZjctZm9ybSUyMGlucHV0JTVCdHlwZSUzRCUyN3N1Ym1pdCUyNyU1RCU3QiUwQSUyMCUyMCUyMCUyMGZvbnQtc2l6ZSUzQSUyMDE0cHglM0IlMEElMjAlMjAlMjAlMjBsZXR0ZXItc3BhY2luZyUzQSUyMDEuMnB4JTNCJTBBJTdEJTBBdGV4dGFyZWElMjAlN0IlMEElMjAlMjAlMjAlMjBoZWlnaHQlM0ElMjAxNDBweCUzQiUwQSU3RA==&#8221;][vc_column width=&#8221;1\/2&#8243;][vc_column_text css=&#8221;.vc_custom_1699367844387{padding-top: 10px !important;}&#8221;] Si voleu posar-vos en&#8230;<\/p>\n","protected":false},"author":1,"featured_media":0,"parent":0,"menu_order":0,"comment_status":"closed","ping_status":"closed","template":"","meta":{"footnotes":""},"class_list":["post-31015","page","type-page","status-publish"],"_links":{"self":[{"href":"https:\/\/escuelaparaelcambio.org\/ca\/wp-json\/wp\/v2\/pages\/31015","targetHints":{"allow":["GET"]}}],"collection":[{"href":"https:\/\/escuelaparaelcambio.org\/ca\/wp-json\/wp\/v2\/pages"}],"about":[{"href":"https:\/\/escuelaparaelcambio.org\/ca\/wp-json\/wp\/v2\/types\/page"}],"author":[{"embeddable":true,"href":"https:\/\/escuelaparaelcambio.org\/ca\/wp-json\/wp\/v2\/users\/1"}],"replies":[{"embeddable":true,"href":"https:\/\/escuelaparaelcambio.org\/ca\/wp-json\/wp\/v2\/comments?post=31015"}],"version-history":[{"count":0,"href":"https:\/\/escuelaparaelcambio.org\/ca\/wp-json\/wp\/v2\/pages\/31015\/revisions"}],"wp:attachment":[{"href":"https:\/\/escuelaparaelcambio.org\/ca\/wp-json\/wp\/v2\/media?parent=31015"}],"curies":[{"name":"wp","href":"https:\/\/api.w.org\/{rel}","templated":true}]}}