{"id":31393,"date":"2016-09-06T09:16:46","date_gmt":"2016-09-06T07:16:46","guid":{"rendered":"https:\/\/dev.dynamium.es\/politica-de-privacidad\/"},"modified":"2024-02-21T12:48:11","modified_gmt":"2024-02-21T11:48:11","slug":"politica-de-privacidad","status":"publish","type":"page","link":"https:\/\/escuelaparaelcambio.org\/eu\/politica-de-privacidad\/","title":{"rendered":"Pribatutasun-politika"},"content":{"rendered":"<div class=\"wpb-content-wrapper\"><p>[vc_row][vc_column][vc_column_text]<span style=\"font-weight: 400;\">Pribatutasun politika hau baldintza orokorren parte da. Gunean sartu eta nabigatzeak, edo bere zerbitzuak erabiltzeak, baldintza orokorrak (eta, beraz, Pribatutasun politika eta Cookieen politika) onartzea dakar. Mesedez, irakurri arretaz.<\/span><\/p>\n<div class=\"title-h2\"><span style=\"font-weight: 400;\">Pribatutasun-politika honetan honako hauei buruzko informazioa ematen dugu:<\/span><\/div>\n<ul>\n<li style=\"font-weight: 400;\" aria-level=\"1\"><span style=\"font-weight: 400;\">Nor da zure datuen tratamenduaren arduraduna?<\/span><\/li>\n<li style=\"font-weight: 400;\" aria-level=\"1\"><span style=\"font-weight: 400;\">Zein da zure datuen tratamendurako zilegitasuna?<\/span><\/li>\n<li style=\"font-weight: 400;\" aria-level=\"1\"><span style=\"font-weight: 400;\">Nork eman diezaguke datuak?<\/span><\/li>\n<li style=\"font-weight: 400;\" aria-level=\"1\"><span style=\"font-weight: 400;\">Zein datu biltzen ditugu?<\/span><\/li>\n<li style=\"font-weight: 400;\" aria-level=\"1\"><span style=\"font-weight: 400;\">Nola erabiltzen da informazioa?<\/span><\/li>\n<li style=\"font-weight: 400;\" aria-level=\"1\"><span style=\"font-weight: 400;\">Komunikazioak posta elektroniko bidez<\/span><\/li>\n<li style=\"font-weight: 400;\" aria-level=\"1\"><span style=\"font-weight: 400;\">Nola eta non partekatzen da informazioa?<\/span><\/li>\n<li style=\"font-weight: 400;\" aria-level=\"1\"><span style=\"font-weight: 400;\">Noiz arte gordeko ditugu datu pertsonalak?<\/span><\/li>\n<li style=\"font-weight: 400;\" aria-level=\"1\"><span style=\"font-weight: 400;\">Zure datuen segurtasuna<\/span><\/li>\n<li style=\"font-weight: 400;\" aria-level=\"1\"><span style=\"font-weight: 400;\">Zein Eskubide dituzu?<\/span><\/li>\n<li style=\"font-weight: 400;\" aria-level=\"1\"><span style=\"font-weight: 400;\">Pribatutasun arduraduna<\/span><\/li>\n<li style=\"font-weight: 400;\" aria-level=\"1\"><span style=\"font-weight: 400;\">Pribatutasun politikan aldaketak<\/span><\/li>\n<\/ul>\n<div class=\"title-h2\"><span style=\"font-weight: 400;\">Nor da zure datuen tratamenduaren arduraduna?<\/span><\/div>\n<div class=\"title-h4\"><span style=\"font-weight: 400;\">Entreculturas Fe y Alegr\u00eda Fundazioa<\/span><\/div>\n<ul>\n<li style=\"font-weight: 400;\" aria-level=\"1\"><span style=\"font-weight: 400;\">Maldonado kalea, 1, A, 3. solairua<\/span><\/li>\n<li style=\"font-weight: 400;\" aria-level=\"1\"><span style=\"font-weight: 400;\">28006 Madrid (Espa\u00f1a)<\/span><\/li>\n<li style=\"font-weight: 400;\" aria-level=\"1\"><span style=\"font-weight: 400;\">CIF. G-82409020<\/span><\/li>\n<li style=\"font-weight: 400;\" aria-level=\"1\"><span style=\"font-weight: 400;\">Datuak aldatzeko kontaktua: data@entreculturas.org<\/span><\/li>\n<li style=\"font-weight: 400;\" aria-level=\"1\">Kontaktua DPO: rgpd@entreculturas.org<\/li>\n<\/ul>\n<div class=\"title-h4\"><span style=\"font-weight: 400;\">ALBOAN FUNDAZIOA<\/span><\/div>\n<ul>\n<li style=\"font-weight: 400;\" aria-level=\"1\"><span style=\"font-weight: 400;\">Padre Lojendio kalea, 2. 2\u00aa<\/span><\/li>\n<li style=\"font-weight: 400;\" aria-level=\"1\"><span style=\"font-weight: 400;\">48008 \u2013 Bilbo (Espainia)<\/span><\/li>\n<li style=\"font-weight: 400;\" aria-level=\"1\"><span style=\"font-weight: 400;\">CIF. G-48811376<\/span><\/li>\n<li style=\"font-weight: 400;\" aria-level=\"1\"><span style=\"font-weight: 400;\">Datuak aldatzeko kontaktua: info@alboan.org<\/span><\/li>\n<\/ul>\n<div class=\"title-h2\"><span style=\"font-weight: 400;\">Zein da zure datuen tratamendurako zilegitasuna?<\/span><\/div>\n<p><span style=\"font-weight: 400;\">Zure datuen tratamendua legitimatzen duen lege-oinarria aldatu egiten da zure datuak lortzeko xedearen eta moduaren arabera: kasu batzuetan hitzarmen bat gauzatzea izango da, eta beste batzuetan zure baimena lortzea izango da lauki bat markatuz. helburu hori, edo ezarritako beste mekanismo baten bidez, edozein kasutan baiezko ekintza, ENTRECULTURAS edo ALBOAN Datuen Arduradun gisa duten interes legitimoa edo legezko betebeharra.  <\/span><\/p>\n<div class=\"title-h2\"><span style=\"font-weight: 400;\">Nork eman diezaguke datuak?<\/span><\/div>\n<p><span style=\"font-weight: 400;\">Gure orrialdera sartzean, ematen dizkiguzun datu guztiak egiazkoak direla adierazten duzu, zerbitzua edo informazioa emateko nahitaezkoak izan, edo borondatezko datuak gurekin elkarlanean aritu nahi duzunean, gure blogetan iruzkin bat egin edo gure eskaeretan parte hartu nahi duzunean. eta zuzena; Hau da, euren benetako egoerari erantzuten diote. <\/span><\/p>\n<p><span style=\"font-weight: 400;\">Datuak interesdunak berak eman behar ditu, hala ere, zenbait kasutan, hirugarrenen datuak eman ahal izango dira, betiere interesdunari jakinarazi zaiola eta bere baimena lortu dela bermatuta, ENTRECULTURAS edo ALBOAN ez bada. horren erantzule edonola ere.  <\/span><\/p>\n<p><span style=\"font-weight: 400;\">Datu hauek emateak bere borondatez eta baimenarekin eman direla suposatzen du, modu elektronikoan nahiz automatizatu gabe tratatu ahal izateko eta Entreculturas Fe y Alegr\u00eda Fundazioak edo Alboan Fundazioak jarraian deskribatzen dituen helburu zehatz eta zilegietarako, erabili gabe. helburu bateraezinetarako. , ezta hirugarrenei transferitu ere zure baimenik gabe.<\/span><\/p>\n<div class=\"title-h2\"><span style=\"font-weight: 400;\">Zein datu biltzen ditugu?<\/span><\/div>\n<p><span style=\"font-weight: 400;\">Informazio kontsulta bat bidaliz, gure buletinetan izena emanez, gure ekintzetan parte hartuz, gure kanpainetarako zure laguntza erraztuz, posta elektronikoz gurekin harremanetan jarriz, gure blogetan iruzkinak eginez edo gurekin lankidetzan (bazkide eta\/edo emaile gisa) , hainbat datu eta informazio pertsonal emateko eska diezazukegu, hala nola, zure izena, abizenak, helbidea, posta elektronikoa, harremanetarako telefonoa, etab. Entreculturas Fe y Alegr\u00eda Fundazioko edo Alboan Fundazioko kide edo emaile izateko, lotura hori ezartzeko beharrezkoak diren beste datu-kategoria batzuk eskatuko ditugu, hala nola finantza-datuak.  <\/span><\/p>\n<p><span style=\"font-weight: 400;\">Guk eskatzen dizkizugun, eta tratamenduaren gai diren datuak, beti izango dira egokiak, garrantzitsuak eta ez gehiegizkoak Entreculturas Fe y Alegr\u00eda Fundazioaren eta Alboan Fundazioaren barruan egiten duzun informazio, lankidetza eta\/edo parte-hartze eskaerarekin.<\/span><\/p>\n<div class=\"title-h2\"><span style=\"font-weight: 400;\">Nola erabiltzen da informazioa?<\/span><\/div>\n<p><span style=\"font-weight: 400;\">Entreculturas Fe y Alegr\u00eda Fundazioak eta Alboan Fundazioak zuk ematen dizkiguzun informazioa erabiliko dute datuak biltzeko inprimaki bakoitzean eskatzen diren helburuetarako:<\/span><\/p>\n<ul>\n<li><span style=\"font-weight: 400;\">a) Erabiltzaileen informazio eskaerei erantzuna. Informazio-eskaera bat bidaltzen badiguzu, zure datuak tratatuko ditugu, harremanetarako, webgunera edo gure helbidera bidaltzen dizkiguzun kontsulta eta informazio eskaerak jaso, kudeatu, prozesatu eta erantzuteko. egoitza eta ordezkaritzak.<\/span><\/li>\n<li><span style=\"font-weight: 400;\">b) Buletinerako edo Buletinetarako harpidetza. Zure identifikazio datuak eta helbide elektronikoa prozesatuko ditugu gure berriak eta buletinak bidaltzeko. Edonoiz kendu dezakezu harpidetza.<\/span><\/li>\n<li><span style=\"font-weight: 400;\">c) Entreculturas Fe y Alegr\u00eda Fundazioak eta Alboan Fundazioak antolatutako eskaera-ekintzetan lankidetzan aritzea edo parte hartzea. Emandako datuak Fundazioak hirugarrenekin batera antolatutako gure ekintzei edo ekintzei buruzko informazioa posta elektroniko bidez eta\/edo posta bidez bidaltzeko tratatuko dira. Eskaerak estatuko edo estatuz gaindiko erakunde bati aurkezten bazaizkio, emandako datuak hari laga ahal izango zaizkio, aurkeztutako eskaerak egiaztatzeko eta egiaztatzeko.<\/span><\/li>\n<li><span style=\"font-weight: 400;\">d) Gure blogetan parte hartu eta iruzkinak txertatzea. Gure blogetan parte hartzeko eta zure iruzkina argitaratzeko, erabiltzaileen eta posta elektronikoaren datuak prozesatuko ditugu gure webgunean argitaratzea identifikatu eta kudeatzeko.<\/span><\/li>\n<li><span style=\"font-weight: 400;\">e) Dohaintzaren bidez aktiboki lankidetzan aritzea edo Entreculturas Fe y Alegr\u00eda Fundazioko edo Alboan Fundazioko kide izatea. \u201cElkarlanean\u201d atalean gure formularioa sartzen bazara eta zure datuak betetzen badituzu. Emandako informazioa Entreculturas Fe y Alegr\u00eda Fundazioaren edo Alboan Fundazioaren bazkide eta emaileen kudeaketa ekonomiko, kontabilitate, fiskal eta administratiborako tratatuko da.<\/span><\/li>\n<li><span style=\"font-weight: 400;\">f) Entreculturas Fe y Alegr\u00eda Fundazioak edo Alboan Fundazioak antolatutako beste jarduera batzuk. Fundazioak antolatu eta\/edo sustatutako ekintzetan kolaboratu eta parte hartu ahal izango duzu, dagozkion inprimakietan eta bertan berariaz adierazitako helburuetarako eskatutako datuak emanez.<\/span><\/li>\n<\/ul>\n<p><strong>Komunikazioak posta elektroniko bidez<\/strong><\/p>\n<p><span style=\"font-weight: 400;\">Kontsulta edo informazio-eskaera harremanetarako posta elektronikoaren bidez bidaltzean, Fundazio Entreculturas Fe y Alegr\u00eda edo Fundaci\u00f3n Alboan Fundazioa Entreculturas Fe y Alegr\u00eda edo Fundaci\u00f3n Alboan-i emandako datuen tratamendurako baimen kontzientea eta espresua ematen ari zara eskaerari erantzuteko. planteatutako eskaera; Hala ere, ez dugu merkataritza-komunikaziorik bidaliko horretarako berariazko baimena eman ez bazaigu.  <\/span><\/p>\n<p><span style=\"font-weight: 400;\">Gure mezu elektronikoetan Entreculturas Fe y Alegr\u00eda Fundazioaren edo Alboan Fundazioaren edozein komunikazioren baimena ezeztatzeko edo harpidetza kentzeko informazioa aurkituko duzu.<\/span><\/p>\n<div class=\"title-h2\"><span style=\"font-weight: 400;\">Nola eta non partekatzen da informazioa?<\/span><\/div>\n<p><span style=\"font-weight: 400;\">Entreculturas Fe y Alegr\u00eda Fundazioak eta Alboan Fundazioak berariaz jakinarazten dute zenbait ekintzatan kolaboratzen edo parte hartzen duten kasuetan (Lasterketa Solidarioa, Kontzertu Solidarioa, Nazio Batuen Erakundeari egindako eskaerak, Bazkideak eta Dohaintzak, etab.) egingo dugula. zure datuak erakunde eta administrazioei, bankuei eta beste entitate kolaboratzaile batzuei lagatzea, indarrean dagoen legezko araudiaren arabera eta, informazioaren kudeaketa korporatiborako.<\/span><\/p>\n<div class=\"title-h2\"><span style=\"font-weight: 400;\">Noiz arte gordeko ditugu datu pertsonalak?<\/span><\/div>\n<ul>\n<li style=\"font-weight: 400;\" aria-level=\"1\"><span style=\"font-weight: 400;\">Datu pertsonalak gurekin lotuta jarraitzen duzun bitartean mantenduko dira.<\/span><\/li>\n<li style=\"font-weight: 400;\" aria-level=\"1\"><span style=\"font-weight: 400;\">Lotura kendu ondoren, helburu bakoitzerako tratatutako datu pertsonalak legez ezarritako epeetan gordeko dira, epaile edo auzitegi batek akzio judizialen preskripzio-epea betez eska ditzakeen epea barne.<\/span><\/li>\n<\/ul>\n<div class=\"title-h2\"><span style=\"font-weight: 400;\">Emandako datuen segurtasuna<\/span><\/div>\n<p><span style=\"font-weight: 400;\">Entreculturas Fe y Alegr\u00eda Fundazioak eta Alboan Fundazioak garrantzi handia ematen diote tratatzen ditugun informazio eta datu pertsonal guztien segurtasunari. Zoritxarrez, Internet bidez informazioaren transmisioa ez da guztiz segurua; Hori dela eta, ahaleginak egiten ditugu eta baliabideak esleitzen ditugu egunero gure orria hobetzeko eta zure eskura jartzen dituzun funtzionalitateak seguruagoak izateko (https funtzionalitatea inplementatu da bazkidetza eta dohaintza inprimakietan, datu ekonomikoak babesteko. &#8211; finantzarioak SSL enkriptatzeko tresnekin).<\/span><\/p>\n<p><span style=\"font-weight: 400;\">Zure informazioa jaso ondoren, segurtasun-neurriak ezartzen dira konfidentzialtasuna, osotasuna bermatzeko eta gure kontrolpean dauden datuen edozein galera, erabilera okerra eta\/edo aldaketa saihesteko. Gure segurtasun- eta pribatutasun-politikak aldian-aldian berrikusten eta hobetzen dira beharrezkoa denean eta baimendutako langileek soilik dute sarbidea erabiltzailearen informazioa.<\/span><\/p>\n<div class=\"title-h2\"><span style=\"font-weight: 400;\">Zein Eskubide dituzu?<\/span><\/div>\n<ul>\n<li style=\"font-weight: 400;\" aria-level=\"1\"><span style=\"font-weight: 400;\">Zure datuak prozesatzen ari garen edo ez jakiteko.<\/span><\/li>\n<li style=\"font-weight: 400;\" aria-level=\"1\"><span style=\"font-weight: 400;\">Zure datu pertsonalak sartzeko.<\/span><\/li>\n<li style=\"font-weight: 400;\" aria-level=\"1\"><span style=\"font-weight: 400;\">Zure datuak zuzentzea eskatzeko, zuzenak ez badira.<\/span><\/li>\n<li style=\"font-weight: 400;\" aria-level=\"1\"><span style=\"font-weight: 400;\">Zure datuak ezabatzeko eskatzea, bildutako helburuetarako beharrezkoak ez badira edo emandako baimena kentzen baduzu.<\/span><\/li>\n<li style=\"font-weight: 400;\" aria-level=\"1\"><span style=\"font-weight: 400;\">Zure datuen tratamendua mugatzeko eskatzeko, kasu batzuetan, kasu horretan indarrean dagoen araudiaren arabera soilik gordeko ditugu.<\/span><\/li>\n<li style=\"font-weight: 400;\" aria-level=\"1\"><span style=\"font-weight: 400;\">ENTRECULTURAS edo ALBOAN-en zutaz gordeta dauden eta formatu egituratu batean, erabili ohi den edo makinaz irakur daitekeen batean emango zaizkizun datuak bidaltzea. Nahiago baduzu, zuk izendatzen diguzun arduradun berriari bidal diezazkiokegu. (Kasu jakin batzuetan bakarrik balio du).<\/span><\/li>\n<li style=\"font-weight: 400;\" aria-level=\"1\"><span style=\"font-weight: 400;\">Datuak Babesteko Espainiako Agentziari edo kontrol-agintari eskudunari erreklamazioa aurkezteko, behar bezala zerbitzatu ez dizugula uste baduzu.<\/span><\/li>\n<li style=\"font-weight: 400;\" aria-level=\"1\"><span style=\"font-weight: 400;\">Onartu duzun edozein tratamendurako baimena ezeztatzeko, edozein unetan.<\/span><\/li>\n<\/ul>\n<p><span style=\"font-weight: 400;\">Informazioa aldatzen baduzu, mesedez, jakinarazi iezaguzu eguneratuta eduki dezagun.<\/span><\/p>\n<p><span style=\"font-weight: 400;\">Webgune honek beste webgune batzuetarako estekak izan ditzake, gure babesleak, bazkideak, elkarte elkartuak edo enpresa kolaboratzaileak, besteak beste. Orrialde hauetan sartzen bazara, kontuan izan behar duzu datu pertsonalak edo informazioa berriro eska ditzaketela. Horregatik, orrialde hauek bisitatzen dituzunean haien pribatutasun-politika ere berrikustea eskatzen dizugu. <\/span><\/p>\n<div class=\"title-h2\"><span style=\"font-weight: 400;\">Pribatutasun arduraduna<\/span><\/div>\n<p><span style=\"font-weight: 400;\">Edozein unetan eska dezakezu, guztiz doan, gutun bidez edo posta elektronikoz, zure eskubideen erabilera, eta zure eskaeran NAN\/AIZ\/Pasaportearen fotokopia sartu beharko duzu, eskubide oso pertsonala baita.<\/span><\/p>\n<p><span style=\"font-weight: 400;\">Eskaerak pribatutasun arduradunari bidali behar zaizkio helbide honetara:<\/span><\/p>\n<div class=\"title-h4\"><span style=\"font-weight: 400;\">FUNDACI\u00d3N ENTRECULTURAS FE Y ALEGR\u00cdA<\/span><\/div>\n<p><span style=\"font-weight: 400;\">Att. Pribatutasun arduraduna <\/span><\/p>\n<p><span style=\"font-weight: 400;\">Maldonado kalea, 1, A, 3. solairua<\/span><\/p>\n<p><span style=\"font-weight: 400;\">28006 Madrid (Espa\u00f1a)<\/span><\/p>\n<p><span style=\"font-weight: 400;\">Email: datos@entreculturas.org<\/span><\/p>\n<p>Gainera, Datuen Babesarekin lotutako galdera gehigarririk baduzu, gure Datuak Babesteko arduradunarekin harremanetan jar zaitezke rgpd@entreculturas.org helbidera. <\/p>\n<div class=\"title-h4\"><span style=\"font-weight: 400;\">ALBOAN FUNDAZIOA<\/span><\/div>\n<p><span style=\"font-weight: 400;\">Padre Lojendio kalea, 2. 2.a.<\/span><\/p>\n<p><span style=\"font-weight: 400;\">48008 \u2013 Bilbo (Espainia)<\/span><\/p>\n<p><span style=\"font-weight: 400;\">CIF. G-48811376<\/span><\/p>\n<p><span style=\"font-weight: 400;\">Datuak aldatzeko kontaktua: <a href=\"mailto:info@alboan.org\">info@alboan.org<\/a><\/span><\/p>\n<p><span style=\"font-weight: 400;\"> <\/span><\/p>\n<div class=\"title-h2\"><span style=\"font-weight: 400;\">Pribatutasun politikan aldaketak<\/span><\/div>\n<p><span style=\"font-weight: 400;\">Entreculturas Fe y Alegr\u00eda Fundazioak eta Alboan Fundazioak beren Pribatutasun Politika eta Datu Pertsonalen Tratamendua aldatu edo egokitu dezakete. Webgunea arakatzen duzun bakoitzean bisitatzea gomendatzen dizugu, eman diezagukezun edozein informazio aldez aurretik beti informatuta egoteko.<\/span>[\/vc_column_text][\/vc_column][\/vc_row]<\/p>\n<\/div>","protected":false},"excerpt":{"rendered":"<p>[vc_row][vc_column][vc_column_text]Pribatutasun politika hau baldintza orokorren parte da. Gunean sartu eta nabigatzeak, edo bere zerbitzuak erabiltzeak, baldintza orokorrak (eta, beraz, Pribatutasun&#8230;<\/p>\n","protected":false},"author":1,"featured_media":0,"parent":0,"menu_order":0,"comment_status":"closed","ping_status":"closed","template":"","meta":{"footnotes":""},"class_list":["post-31393","page","type-page","status-publish"],"_links":{"self":[{"href":"https:\/\/escuelaparaelcambio.org\/eu\/wp-json\/wp\/v2\/pages\/31393","targetHints":{"allow":["GET"]}}],"collection":[{"href":"https:\/\/escuelaparaelcambio.org\/eu\/wp-json\/wp\/v2\/pages"}],"about":[{"href":"https:\/\/escuelaparaelcambio.org\/eu\/wp-json\/wp\/v2\/types\/page"}],"author":[{"embeddable":true,"href":"https:\/\/escuelaparaelcambio.org\/eu\/wp-json\/wp\/v2\/users\/1"}],"replies":[{"embeddable":true,"href":"https:\/\/escuelaparaelcambio.org\/eu\/wp-json\/wp\/v2\/comments?post=31393"}],"version-history":[{"count":0,"href":"https:\/\/escuelaparaelcambio.org\/eu\/wp-json\/wp\/v2\/pages\/31393\/revisions"}],"wp:attachment":[{"href":"https:\/\/escuelaparaelcambio.org\/eu\/wp-json\/wp\/v2\/media?parent=31393"}],"curies":[{"name":"wp","href":"https:\/\/api.w.org\/{rel}","templated":true}]}}