{"id":30281,"date":"2016-09-06T09:16:46","date_gmt":"2016-09-06T07:16:46","guid":{"rendered":"https:\/\/dev.dynamium.es\/politica-de-privacidade\/"},"modified":"2024-02-21T12:48:15","modified_gmt":"2024-02-21T11:48:15","slug":"politica-de-privacidad","status":"publish","type":"page","link":"https:\/\/escuelaparaelcambio.org\/gl\/politica-de-privacidad\/","title":{"rendered":"Pol\u00edtica de Privacidade"},"content":{"rendered":"<div class=\"wpb-content-wrapper\"><p>[vc_row][vc_column][vc_column_text]<span style=\"font-weight: 400;\">Esta Pol\u00edtica de Privacidade \u00e9 parte integrante das condici\u00f3ns xerais. Acceder e navegar polo sitio, ou utilizar os seus servizos, implica a aceptaci\u00f3n das condici\u00f3ns xerais (e polo tanto da Pol\u00edtica de Privacidade e Pol\u00edtica de Cookies). L\u00e9aos atentamente.<\/span><\/p>\n<div class=\"title-h2\"><span style=\"font-weight: 400;\">Nesta Pol\u00edtica de Privacidade informamos sobre:<\/span><\/div>\n<ul>\n<li style=\"font-weight: 400;\" aria-level=\"1\"><span style=\"font-weight: 400;\">Quen \u00e9 o responsable do tratamento dos teus datos?<\/span><\/li>\n<li style=\"font-weight: 400;\" aria-level=\"1\"><span style=\"font-weight: 400;\">Cal \u00e9 a lexitimidade para o tratamento dos teus datos?<\/span><\/li>\n<li style=\"font-weight: 400;\" aria-level=\"1\"><span style=\"font-weight: 400;\">Quen nos pode facilitar datos?<\/span><\/li>\n<li style=\"font-weight: 400;\" aria-level=\"1\"><span style=\"font-weight: 400;\">Que datos recollemos?<\/span><\/li>\n<li style=\"font-weight: 400;\" aria-level=\"1\"><span style=\"font-weight: 400;\">Como se utiliza a informaci\u00f3n?<\/span><\/li>\n<li style=\"font-weight: 400;\" aria-level=\"1\"><span style=\"font-weight: 400;\">Comunicaci\u00f3ns por correo electr\u00f3nico<\/span><\/li>\n<li style=\"font-weight: 400;\" aria-level=\"1\"><span style=\"font-weight: 400;\">Como e onde se comparte a informaci\u00f3n?<\/span><\/li>\n<li style=\"font-weight: 400;\" aria-level=\"1\"><span style=\"font-weight: 400;\">Canto tempo conservaremos os datos persoais?<\/span><\/li>\n<li style=\"font-weight: 400;\" aria-level=\"1\"><span style=\"font-weight: 400;\">Seguridade dos seus datos<\/span><\/li>\n<li style=\"font-weight: 400;\" aria-level=\"1\"><span style=\"font-weight: 400;\">Que Dereitos tes?<\/span><\/li>\n<li style=\"font-weight: 400;\" aria-level=\"1\"><span style=\"font-weight: 400;\">Oficial de privacidade<\/span><\/li>\n<li style=\"font-weight: 400;\" aria-level=\"1\"><span style=\"font-weight: 400;\">Cambios na pol\u00edtica de privacidade<\/span><\/li>\n<\/ul>\n<div class=\"title-h2\"><span style=\"font-weight: 400;\">Quen \u00e9 o responsable do tratamento dos teus datos?<\/span><\/div>\n<div class=\"title-h4\"><span style=\"font-weight: 400;\">Fundaci\u00f3n Entreculturas Fe e Alegr\u00eda<\/span><\/div>\n<ul>\n<li style=\"font-weight: 400;\" aria-level=\"1\"><span style=\"font-weight: 400;\">R\u00faa Maldonado, 1, A, andar 3<\/span><\/li>\n<li style=\"font-weight: 400;\" aria-level=\"1\"><span style=\"font-weight: 400;\">28006 Madrid (Espa\u00f1a)<\/span><\/li>\n<li style=\"font-weight: 400;\" aria-level=\"1\"><span style=\"font-weight: 400;\">CIF. G-82409020<\/span><\/li>\n<li style=\"font-weight: 400;\" aria-level=\"1\"><span style=\"font-weight: 400;\">Contacto para modificaci\u00f3n de datos: data@entreculturas.org<\/span><\/li>\n<li style=\"font-weight: 400;\" aria-level=\"1\">Contacto DPO: rgpd@entreculturas.org<\/li>\n<\/ul>\n<div class=\"title-h4\"><span style=\"font-weight: 400;\">FUNDACI\u00d3N ALBOAN<\/span><\/div>\n<ul>\n<li style=\"font-weight: 400;\" aria-level=\"1\"><span style=\"font-weight: 400;\">R\u00faa Padre Lojendio, 2. 2o<\/span><\/li>\n<li style=\"font-weight: 400;\" aria-level=\"1\"><span style=\"font-weight: 400;\">48008 \u2013 Bilbao (Espa\u00f1a)<\/span><\/li>\n<li style=\"font-weight: 400;\" aria-level=\"1\"><span style=\"font-weight: 400;\">CIF. G-48811376<\/span><\/li>\n<li style=\"font-weight: 400;\" aria-level=\"1\"><span style=\"font-weight: 400;\">Contacto para modificaci\u00f3n de datos: info@alboan.org<\/span><\/li>\n<\/ul>\n<div class=\"title-h2\"><span style=\"font-weight: 400;\">Cal \u00e9 a lexitimidade para o tratamento dos teus datos?<\/span><\/div>\n<p><span style=\"font-weight: 400;\">A base legal que lexitima o tratamento dos teus datos var\u00eda segundo a finalidade e a forma de obter os teus datos: nalg\u00fans casos ser\u00e1 a execuci\u00f3n dun acordo, mentres que noutros ser\u00e1 a obtenci\u00f3n do teu consentimento marcando unha casilla habilitada para esta finalidade, ou a trav\u00e9s doutro mecanismo establecido que constit\u00faa en todo caso unha acci\u00f3n afirmativa, o interese lex\u00edtimo de ENTRECULTURAS ou ALBOAN como Responsables, ou unha obriga legal.  <\/span><\/p>\n<div class=\"title-h2\"><span style=\"font-weight: 400;\">Quen nos pode facilitar datos?<\/span><\/div>\n<p><span style=\"font-weight: 400;\">Ao acceder \u00e1 nosa p\u00e1xina, declaras que todos os datos que nos facilitas, sexan obrigatorios para prestar o servizo ou a informaci\u00f3n, ou voluntarios cando queiras colaborar connosco, facer un comentario nos nosos blogs ou participar nas nosas solicitudes, son veraces. e correcto; \u00c9 dicir, responden \u00e1 s\u00faa situaci\u00f3n real. <\/span><\/p>\n<p><span style=\"font-weight: 400;\">Os datos deber\u00e1n ser facilitados polo propio interesado, non obstante, en determinados casos poder\u00e1n facilitarse datos de terceiros, sempre que se garanta que o interesado foi informado e obtido o seu consentimento, non sendo ENTRECULTURAS ou ALBOAN. responsable diso en todo caso.  <\/span><\/p>\n<p><span style=\"font-weight: 400;\">A subministraci\u00f3n destes datos sup\u00f3n que foron facilitados de forma voluntaria e con consentimento para que poidan ser tratados tanto por v\u00eda electr\u00f3nica como de forma non automatizada e para fins concretos e lex\u00edtimos que a Fundaci\u00f3n Entreculturas Fe e Alegr\u00eda ou Fundaci\u00f3n Alboan describe a continuaci\u00f3n, non sendo utilizados. para fins incompatibles, nin transferidos a terceiros sen o seu consentimento.<\/span><\/p>\n<div class=\"title-h2\"><span style=\"font-weight: 400;\">Que datos recollemos?<\/span><\/div>\n<p><span style=\"font-weight: 400;\">Enviando unha consulta de informaci\u00f3n, subscribindose aos nosos bolet\u00edns, participando nas nosas acci\u00f3ns, facilitando o seu apoio \u00e1s nosas campa\u00f1as, contactando connosco por correo electr\u00f3nico, facendo comentarios nos nosos blogs ou colaborando connosco (como socio e\/ou como doador) , podemos solicitarlle que nos facilite unha serie de datos e informaci\u00f3ns persoais como o seu nome, apelidos, enderezo, correo electr\u00f3nico, tel\u00e9fono de contacto, etc. Para ser socio ou doador da Fundaci\u00f3n Entreculturas Fe e Alegr\u00eda ou da Fundaci\u00f3n Alboan, solicitaremos outras categor\u00edas de datos necesarios para establecer tal v\u00ednculo, como datos financeiros.  <\/span><\/p>\n<p><span style=\"font-weight: 400;\">Os datos que lle solicitemos, e que sexan obxecto de tratamento, ser\u00e1n sempre adecuados, relevantes e non excesivos para a s\u00faa solicitude de informaci\u00f3n, colaboraci\u00f3n e\/ou participaci\u00f3n no seo da Fundaci\u00f3n Entreculturas Fe e Alegr\u00eda e da Fundaci\u00f3n Alboan.<\/span><\/p>\n<div class=\"title-h2\"><span style=\"font-weight: 400;\">Como se utiliza a informaci\u00f3n?<\/span><\/div>\n<p><span style=\"font-weight: 400;\">A Fundaci\u00f3n Entreculturas Fe e Alegr\u00eda e a Fundaci\u00f3n Alboan utilizar\u00e1n a informaci\u00f3n que nos facilite para os fins requiridos en cada un dos formularios de recollida de datos:<\/span><\/p>\n<ul>\n<li><span style=\"font-weight: 400;\">a) Resposta \u00e1s solicitudes de informaci\u00f3n dos usuarios. No caso de que nos env\u00ede unha solicitude de informaci\u00f3n, trataremos os seus datos co fin de recibir, xestionar, tratar e responder \u00e1s consultas e solicitudes de informaci\u00f3n que nos env\u00ede a trav\u00e9s dos distintos formularios de contacto, p\u00e1xina web ou enviados ao noso sedes e delegaci\u00f3ns.<\/span><\/li>\n<li><span style=\"font-weight: 400;\">b) Subscrici\u00f3n a Newsletter ou Newsletters. Trataremos os teus datos de identificaci\u00f3n e enderezo de correo electr\u00f3nico para enviarche as nosas noticias e bolet\u00edns. Podes cancelar a subscrici\u00f3n en calquera momento.<\/span><\/li>\n<li><span style=\"font-weight: 400;\">c) Colaborar ou participar nas acci\u00f3ns de petici\u00f3n organizadas pola Fundaci\u00f3n Entreculturas Fe e Alegr\u00eda e a Fundaci\u00f3n Alboan. Os datos facilitados ser\u00e1n tratados para enviarlle informaci\u00f3n por correo electr\u00f3nico e\/ou correo postal sobre as nosas acci\u00f3ns ou acci\u00f3ns organizadas conxuntamente con terceiros pola Fundaci\u00f3n. Se as solicitudes se presentan ante unha organizaci\u00f3n nacional ou supranacional, os datos facilitados poder\u00e1n ser cedidos a esta para a comprobaci\u00f3n e comprobaci\u00f3n das solicitudes presentadas.<\/span><\/li>\n<li><span style=\"font-weight: 400;\">d) Participar e incorporar comentarios nos nosos blogs. Para participar nos nosos blogs e para que o teu comentario se publique, trataremos os datos do usuario e do correo electr\u00f3nico co fin de identificar e xestionar a s\u00faa publicaci\u00f3n na nosa web.<\/span><\/li>\n<li><span style=\"font-weight: 400;\">e) Colaborar activamente mediante doaz\u00f3n ou facerse socio da Fundaci\u00f3n Entreculturas Fe e Alegr\u00eda ou da Fundaci\u00f3n Alboan. No caso de que accedas ao noso formulario no apartado \u201ccolabora\u201d e enche os teus datos. A informaci\u00f3n facilitada ser\u00e1 tratada coa finalidade de xesti\u00f3n econ\u00f3mica, contable, fiscal e administrativa dos asociados e doadores da Fundaci\u00f3n Entreculturas Fe e Alegr\u00eda ou Fundaci\u00f3n Alboan.<\/span><\/li>\n<li><span style=\"font-weight: 400;\">f) Outras actividades organizadas pola Fundaci\u00f3n Entreculturas Fe e Alegr\u00eda ou a Fundaci\u00f3n Alboan. Poder\u00e1 colaborar e participar en acci\u00f3ns organizadas e\/ou promovidas pola Fundaci\u00f3n, facilitando os datos solicitados nos correspondentes formularios e para os fins expresamente indicados neles.<\/span><\/li>\n<\/ul>\n<p><strong>Comunicaci\u00f3ns por correo electr\u00f3nico<\/strong><\/p>\n<p><span style=\"font-weight: 400;\">Ao enviarnos unha consulta ou solicitude de informaci\u00f3n a trav\u00e9s do correo electr\u00f3nico de contacto, est\u00e1s a prestar o consentimento consciente e expreso para o tratamento dos datos facilitados \u00e1 Fundaci\u00f3n Entreculturas Fe e Alegr\u00eda ou \u00e1 Fundaci\u00f3n Alboan co fin de dar resposta \u00e1 solicitude. solicitude levantada; Non obstante, non enviaremos comunicaci\u00f3ns comerciais a non ser que nos proporcionou o consentimento expreso para facelo.  <\/span><\/p>\n<p><span style=\"font-weight: 400;\">Nos nosos correos electr\u00f3nicos atopar\u00e1s informaci\u00f3n para revogar o consentimento ou darse de baixa de calquera comunicaci\u00f3n da Fundaci\u00f3n Entreculturas Fe e Alegr\u00eda ou da Fundaci\u00f3n Alboan.<\/span><\/p>\n<div class=\"title-h2\"><span style=\"font-weight: 400;\">Como e onde se comparte a informaci\u00f3n?<\/span><\/div>\n<p><span style=\"font-weight: 400;\">A Fundaci\u00f3n Entreculturas Fe e Alegr\u00eda e a Fundaci\u00f3n Alboan comunican expresamente que nos casos nos que colaboren ou participen en determinadas acci\u00f3ns (Carreira Solidaria, Concerto Solidario, Petici\u00f3ns \u00e1s Naci\u00f3ns Unidas, Socios e Doaz\u00f3ns, etc.), procederemos a ceder os seus datos a organizaci\u00f3ns e administraci\u00f3ns, bancos e outras entidades colaboradoras de acordo coa normativa legal vixente e, para a xesti\u00f3n corporativa da informaci\u00f3n.<\/span><\/p>\n<div class=\"title-h2\"><span style=\"font-weight: 400;\">Canto tempo conservaremos os datos persoais?<\/span><\/div>\n<ul>\n<li style=\"font-weight: 400;\" aria-level=\"1\"><span style=\"font-weight: 400;\">Os datos persoais manteranse mentres permaneza vinculado a n\u00f3s.<\/span><\/li>\n<li style=\"font-weight: 400;\" aria-level=\"1\"><span style=\"font-weight: 400;\">Unha vez desvinculados, os datos persoais tratados para cada finalidade conservaranse durante os prazos legalmente establecidos, inclu\u00eddo o prazo en que un xu\u00edz ou tribunal poida requirilos de conformidade co prazo de prescrici\u00f3n das acci\u00f3ns xudiciais.<\/span><\/li>\n<\/ul>\n<div class=\"title-h2\"><span style=\"font-weight: 400;\">Seguridade dos datos facilitados<\/span><\/div>\n<p><span style=\"font-weight: 400;\">A Fundaci\u00f3n Entreculturas Fe e Alegr\u00eda e a Fundaci\u00f3n Alboan danlle gran importancia \u00e1 seguridade de toda a informaci\u00f3n e datos persoais que tratamos. Desafortunadamente, a transmisi\u00f3n de informaci\u00f3n a trav\u00e9s de Internet non \u00e9 completamente segura; Por este motivo, esforz\u00e1monos e destinamos recursos para mellorar a nosa p\u00e1xina cada d\u00eda e facer m\u00e1is seguras as funcionalidades que se po\u00f1an \u00e1 s\u00faa disposici\u00f3n (Implementouse a funcionalidade https nos formularios de adhesi\u00f3n e doaz\u00f3n, co fin de protexer os datos econ\u00f3micos. &#8211; financeiro con ferramentas de cifrado SSL).<\/span><\/p>\n<p><span style=\"font-weight: 400;\">Unha vez recibida a s\u00faa informaci\u00f3n, apl\u00edcanse medidas de seguridade para garantir a confidencialidade, integridade e evitar calquera perda, mal uso e\/ou alteraci\u00f3n dos datos que estean baixo o noso control. As nosas pol\u00edticas de seguridade e privacidade rev\u00edsanse e mell\u00f3ranse periodicamente segundo sexa necesario e s\u00f3 o persoal autorizado ten acceso \u00e1 informaci\u00f3n do usuario.<\/span><\/p>\n<div class=\"title-h2\"><span style=\"font-weight: 400;\">Que Dereitos tes?<\/span><\/div>\n<ul>\n<li style=\"font-weight: 400;\" aria-level=\"1\"><span style=\"font-weight: 400;\">Para saber se estamos tratando os teus datos ou non.<\/span><\/li>\n<li style=\"font-weight: 400;\" aria-level=\"1\"><span style=\"font-weight: 400;\">Para acceder aos seus datos persoais.<\/span><\/li>\n<li style=\"font-weight: 400;\" aria-level=\"1\"><span style=\"font-weight: 400;\">Solicitar a rectificaci\u00f3n dos seus datos se son inexactos.<\/span><\/li>\n<li style=\"font-weight: 400;\" aria-level=\"1\"><span style=\"font-weight: 400;\">Solicitar a supresi\u00f3n dos seus datos se xa non son necesarios para os fins para os que foron recollidos ou se retira o consentimento outorgado.<\/span><\/li>\n<li style=\"font-weight: 400;\" aria-level=\"1\"><span style=\"font-weight: 400;\">Para solicitar a limitaci\u00f3n do tratamento dos seus datos, nalg\u00fans casos, s\u00f3 os conservaremos conforme \u00e1 normativa vixente.<\/span><\/li>\n<li style=\"font-weight: 400;\" aria-level=\"1\"><span style=\"font-weight: 400;\">Para enviarche os datos que se almacenan sobre ti en ENTRECULTURAS ou ALBOAN e que che ser\u00e1n facilitados nun formato estruturado, de uso habitual ou lexible por m\u00e1quina. Se o prefires, podemos enviarllos ao novo responsable que nos designes. (S\u00f3 v\u00e1lido en determinados casos).<\/span><\/li>\n<li style=\"font-weight: 400;\" aria-level=\"1\"><span style=\"font-weight: 400;\">Para presentar unha reclamaci\u00f3n ante a Axencia Espa\u00f1ola de Protecci\u00f3n de Datos ou autoridade de control competente, se considera que non lle atendemos correctamente.<\/span><\/li>\n<li style=\"font-weight: 400;\" aria-level=\"1\"><span style=\"font-weight: 400;\">Para revogar o consentimento para calquera tratamento ao que consentiu, en calquera momento.<\/span><\/li>\n<\/ul>\n<p><span style=\"font-weight: 400;\">Se cambias algunha informaci\u00f3n, av\u00edsanos para que poidamos mantelo actualizado.<\/span><\/p>\n<p><span style=\"font-weight: 400;\">Este sitio web pode conter ligaz\u00f3ns a e desde outros sitios web, xa sexa dos nosos patrocinadores, socios, empresas asociadas ou empresas colaboradoras, entre outros. Se accedes a estas p\u00e1xinas, debes ter en conta que poden solicitar novamente datos persoais ou informaci\u00f3n. Por iso, ped\u00edmoslle que cando visite estas p\u00e1xinas, tam\u00e9n revise a s\u00faa pol\u00edtica de privacidade.  <\/span><\/p>\n<div class=\"title-h2\"><span style=\"font-weight: 400;\">Oficial de privacidade<\/span><\/div>\n<p><span style=\"font-weight: 400;\">En calquera momento pode solicitar, de xeito totalmente gratu\u00edto, ben por carta ou por correo electr\u00f3nico, o exercicio dos seus dereitos, debendo inclu\u00edr na s\u00faa solicitude unha fotocopia do seu DNI\/NIE\/Pasaporte, xa que se trata dun dereito moi persoal.<\/span><\/p>\n<p><span style=\"font-weight: 400;\">As solicitudes deben enviarse ao responsable de privacidade ao seguinte enderezo:<\/span><\/p>\n<div class=\"title-h4\"><span style=\"font-weight: 400;\">FUNDACI\u00d3N ENTRECULTURAS FE E ALEGR\u00cdA<\/span><\/div>\n<p><span style=\"font-weight: 400;\">Att. Oficial de privacidade <\/span><\/p>\n<p><span style=\"font-weight: 400;\">R\u00faa Maldonado, 1, A, andar 3<\/span><\/p>\n<p><span style=\"font-weight: 400;\">28006 Madrid (Espa\u00f1a)<\/span><\/p>\n<p><span style=\"font-weight: 400;\">Correo electr\u00f3nico: data@entreculturas.org<\/span><\/p>\n<p>Ademais, se tes algunha d\u00fabida adicional relacionada coa Protecci\u00f3n de Datos, podes contactar co noso Delegado de Protecci\u00f3n de Datos en rgpd@entreculturas.org. <\/p>\n<div class=\"title-h4\"><span style=\"font-weight: 400;\">FUNDACI\u00d3N ALBOAN<\/span><\/div>\n<p><span style=\"font-weight: 400;\">R\u00faa Padre Lojendio, 2. 2o.<\/span><\/p>\n<p><span style=\"font-weight: 400;\">48008 \u2013 Bilbao (Espa\u00f1a)<\/span><\/p>\n<p><span style=\"font-weight: 400;\">CIF. G-48811376<\/span><\/p>\n<p><span style=\"font-weight: 400;\">Contacto para modificaci\u00f3n de datos: <a href=\"mailto:info@alboan.org\">info@alboan.org<\/a><\/span><\/p>\n<p><span style=\"font-weight: 400;\"> <\/span><\/p>\n<div class=\"title-h2\"><span style=\"font-weight: 400;\">Cambios na pol\u00edtica de privacidade<\/span><\/div>\n<p><span style=\"font-weight: 400;\">A Fundaci\u00f3n Entreculturas Fe e Alegr\u00eda e a Fundaci\u00f3n Alboan poder\u00e1n modificar ou adaptar a s\u00faa Pol\u00edtica de Privacidade e Tratamento de Datos Persoais. Recomendamos que o visite cada vez que navegue polo sitio para estar sempre informado con antelaci\u00f3n de calquera informaci\u00f3n que nos proporcione.<\/span>[\/vc_column_text][\/vc_column][\/vc_row]<\/p>\n<\/div>","protected":false},"excerpt":{"rendered":"<p>[vc_row][vc_column][vc_column_text]Esta Pol\u00edtica de Privacidade \u00e9 parte integrante das condici\u00f3ns xerais. Acceder e navegar polo sitio, ou utilizar os seus servizos,&#8230;<\/p>\n","protected":false},"author":1,"featured_media":0,"parent":0,"menu_order":0,"comment_status":"closed","ping_status":"closed","template":"","meta":{"footnotes":""},"class_list":["post-30281","page","type-page","status-publish"],"_links":{"self":[{"href":"https:\/\/escuelaparaelcambio.org\/gl\/wp-json\/wp\/v2\/pages\/30281","targetHints":{"allow":["GET"]}}],"collection":[{"href":"https:\/\/escuelaparaelcambio.org\/gl\/wp-json\/wp\/v2\/pages"}],"about":[{"href":"https:\/\/escuelaparaelcambio.org\/gl\/wp-json\/wp\/v2\/types\/page"}],"author":[{"embeddable":true,"href":"https:\/\/escuelaparaelcambio.org\/gl\/wp-json\/wp\/v2\/users\/1"}],"replies":[{"embeddable":true,"href":"https:\/\/escuelaparaelcambio.org\/gl\/wp-json\/wp\/v2\/comments?post=30281"}],"version-history":[{"count":0,"href":"https:\/\/escuelaparaelcambio.org\/gl\/wp-json\/wp\/v2\/pages\/30281\/revisions"}],"wp:attachment":[{"href":"https:\/\/escuelaparaelcambio.org\/gl\/wp-json\/wp\/v2\/media?parent=30281"}],"curies":[{"name":"wp","href":"https:\/\/api.w.org\/{rel}","templated":true}]}}