{"id":31013,"date":"2023-09-23T13:09:08","date_gmt":"2023-09-23T11:09:08","guid":{"rendered":"https:\/\/dev.dynamium.es\/a-escola\/"},"modified":"2024-02-19T09:12:09","modified_gmt":"2024-02-19T08:12:09","slug":"a-escola","status":"publish","type":"page","link":"https:\/\/escuelaparaelcambio.org\/gl\/a-escola\/","title":{"rendered":"A escola"},"content":{"rendered":"<div class=\"wpb-content-wrapper\"><p>[vc_row full_width=&#8221;stretch_row&#8221; css=&#8221;.vc_custom_1695466757556{margin-top: 0px !important;margin-bottom: 0px !important;padding-top: 110px !important;padding-bottom: 135px !important;background-color: #f0f3f2 !important;}&#8221;][vc_column]<div class=\"clearboth\"><\/div><style>#thegem-divider-6a09815e8caf1 {margin-top: -5px !important;}<\/style><div id=\"thegem-divider-6a09815e8caf1\" class=\"gem-divider  \" style=\"\" ><\/div>[vc_column_text css_animation=&#8221;bottom-to-top&#8221; el_class=&#8221;uppercase-disable&#8221;]<\/p>\n<div class=\"title-h1\" style=\"text-align: center;\">Benvidos, benvidos \u00e1 nosa Escola, plataforma formativa de Entreculturas e Alboan.<\/div>\n<p>[\/vc_column_text]<div class=\"clearboth\"><\/div><style>#thegem-divider-6a09815e8cb66 {margin-top: 60px !important;}<\/style><div id=\"thegem-divider-6a09815e8cb66\" class=\"gem-divider  \" style=\"\" ><\/div>[vc_column_text css_animation=&#8221;bottom-to-top&#8221;]<\/p>\n<div class=\"styled-subtitle\" style=\"text-align: center;\">Este espazo ofr\u00e9ceche diferentes cursos e recursos para afondar nos nosos enfoques de traballo, as 5 Causas (Dereito \u00e1 educaci\u00f3n, Igualdade de x\u00e9nero, Xustiza socioambiental, Migraci\u00f3ns e refuxio, Participaci\u00f3n cidad\u00e1), os Obxectivos de Desenvolvemento Sostible (ODS) e moitas m\u00e1is. temas.<\/div>\n<div class=\"styled-subtitle\" style=\"text-align: center; margin-top: 30px;\">Como queremos que aprendas m\u00e1is sobre o mundo e sobre ti mesmo, po\u00f1emos \u00e1 t\u00faa disposici\u00f3n:<\/div>\n<p>[\/vc_column_text][\/vc_column][\/vc_row][vc_row full_width=&#8221;stretch_row_content_no_spaces&#8221; equal_height=&#8221;yes&#8221; content_placement=&#8221;middle&#8221; css=&#8221;.vc_custom_1695467327092{margin-bottom: 0px !important;}&#8221;][vc_column css=&#8221;.vc_custom_1699366106923{margin-top: 0px !important;margin-bottom: 0px !important;padding-top: 250px !important;padding-bottom: 250px !important;background-image: url(https:\/\/escuelaparaelcambio.org\/wp-content\/uploads\/047A0606_JulioPerez-Medium-5.jpg?id=31701) !important;background-position: center !important;background-repeat: no-repeat !important;background-size: cover !important;}&#8221; offset=&#8221;vc_col-lg-6 vc_col-md-12 vc_col-xs-12&#8243;][\/vc_column][vc_column disable_custom_paddings_tablet=&#8221;true&#8221; disable_custom_paddings_mobile=&#8221;true&#8221; css=&#8221;.vc_custom_1554909805203{margin-top: 0px !important;margin-bottom: 0px !important;padding-top: 90px !important;padding-right: 80px !important;padding-bottom: 80px !important;padding-left: 80px !important;}&#8221; offset=&#8221;vc_col-lg-6 vc_col-md-12 vc_col-xs-12&#8243;]<div class=\"clearboth\"><\/div><style>#thegem-divider-6a09815e8cbac {margin-top: -20px !important;}<\/style><div id=\"thegem-divider-6a09815e8cbac\" class=\"gem-divider  \" style=\"\" ><\/div>[vc_column_text css_animation=&#8221;bottom-to-top&#8221; el_class=&#8221;uppercase-disable&#8221;]<\/p>\n<div class=\"title-h1\">Cursos de e-learning<\/div>\n<p>[\/vc_column_text]<div class=\"clearboth\"><\/div><style>#thegem-divider-6a09815e8cbe8 {margin-top: 30px !important;}<\/style><div id=\"thegem-divider-6a09815e8cbe8\" class=\"gem-divider  \" style=\"\" ><\/div>[vc_column_text css_animation=&#8221;bottom-to-top&#8221;]Cursos de e-learning para formarte dunha forma amena e experiencial. Podes facelos ao teu ritmo ou de forma titorizada sempre que saquemos novas edici\u00f3ns. Ter\u00e1s a oportunidade de compartir o teu progreso nos foros de participaci\u00f3n e tam\u00e9n beneficiarte das opini\u00f3ns dos teus compa\u00f1eiros virtuais. Ademais, ao completar todos os m\u00f3dulos recibir\u00e1s un certificado de participaci\u00f3n.[\/vc_column_text]<div class=\"clearboth\"><\/div><style>#thegem-divider-6a09815e8cc1e {margin-top: 30px !important;}<\/style><div id=\"thegem-divider-6a09815e8cc1e\" class=\"gem-divider  \" style=\"\" ><\/div><style type=\"text\/css\">.thegem-button-6a09815e8cd739212 .gem-button svg {fill: #ffffff;}<\/style><div class=\"gem-button-container gem-button-position-inline thegem-button-6a09815e8cd739212    \"  ><a title=\"Cursos\" class=\"gem-button gem-button-size-medium gem-button-style-flat gem-button-text-weight-normal\" data-ll-effect=\"drop-right-without-wrap\" style=\"border-radius: 20px;background-color: #d6000c;color: #ffffff;\" onmouseleave=\"this.style.backgroundColor='#d6000c';this.style.color='#ffffff';\" onmouseenter=\"\" href=\"https:\/\/escuelaparaelcambio.org\/gl\/cursos\/\" target=\"_self\">Ver cursos<\/a><\/div> [\/vc_column][\/vc_row][vc_row full_width=&#8221;stretch_row_content_no_spaces&#8221; equal_height=&#8221;yes&#8221; content_placement=&#8221;middle&#8221; css=&#8221;.vc_custom_1587117544301{margin-bottom: 0px !important;}&#8221;][vc_column disable_custom_paddings_tablet=&#8221;true&#8221; disable_custom_paddings_mobile=&#8221;true&#8221; css=&#8221;.vc_custom_1554909805203{margin-top: 0px !important;margin-bottom: 0px !important;padding-top: 90px !important;padding-right: 80px !important;padding-bottom: 80px !important;padding-left: 80px !important;}&#8221; offset=&#8221;vc_col-lg-6 vc_col-md-12 vc_col-xs-12&#8243;]<div class=\"clearboth\"><\/div><style>#thegem-divider-6a09815e8cdf8 {margin-top: -20px !important;}<\/style><div id=\"thegem-divider-6a09815e8cdf8\" class=\"gem-divider  \" style=\"\" ><\/div>[vc_column_text css_animation=&#8221;bottom-to-top&#8221; el_class=&#8221;uppercase-disable&#8221;]<\/p>\n<div class=\"title-h1\">Blog<\/div>\n<p>[\/vc_column_text]<div class=\"clearboth\"><\/div><style>#thegem-divider-6a09815e8ce5e {margin-top: 30px !important;}<\/style><div id=\"thegem-divider-6a09815e8ce5e\" class=\"gem-divider  \" style=\"\" ><\/div>[vc_column_text css_animation=&#8221;bottom-to-top&#8221;]<span style=\"font-weight: 400;\">Un blog onde atopar\u00e1s entradas en diferentes formatos (artigos, v\u00eddeos, podcasts, testemu\u00f1os&#8230;) sobre temas relacionados coas causas polas que traballamos, a cooperaci\u00f3n, o voluntariado e os ODS. Achegar\u00e9mosche voces perif\u00e9ricas e realidades invisibles, axud\u00e1ndote a ler e afondar na actualidade dende unha perspectiva pedag\u00f3xica. <\/span>[\/vc_column_text]<div class=\"clearboth\"><\/div><style>#thegem-divider-6a09815e8cedf {margin-top: 30px !important;}<\/style><div id=\"thegem-divider-6a09815e8cedf\" class=\"gem-divider  \" style=\"\" ><\/div><style type=\"text\/css\">.thegem-button-6a09815e8cfb24481 .gem-button svg {fill: #ffffff;}<\/style><div class=\"gem-button-container gem-button-position-inline thegem-button-6a09815e8cfb24481    \"  ><a title=\"Cursos\" class=\"gem-button gem-button-size-medium gem-button-style-flat gem-button-text-weight-normal\" data-ll-effect=\"drop-right-without-wrap\" style=\"border-radius: 20px;background-color: #d6000c;color: #ffffff;\" onmouseleave=\"this.style.backgroundColor='#d6000c';this.style.color='#ffffff';\" onmouseenter=\"\" href=\"https:\/\/escuelaparaelcambio.org\/gl\/actualidad\/\" target=\"_self\">Ir ao blog<\/a><\/div> [\/vc_column][vc_column css=&#8221;.vc_custom_1695467542114{margin-top: 0px !important;margin-bottom: 0px !important;padding-top: 250px !important;padding-bottom: 250px !important;background-image: url(https:\/\/escuelaparaelcambio.org\/wp-content\/uploads\/mujeres-en-congo-2.jpeg?id=4891) !important;background-position: center !important;background-repeat: no-repeat !important;background-size: cover !important;}&#8221; offset=&#8221;vc_col-lg-6 vc_col-md-12 vc_col-xs-12&#8243;][\/vc_column][\/vc_row][vc_row full_width=&#8221;stretch_row&#8221; css=&#8221;.vc_custom_1695467768961{padding-top: 80px !important;padding-bottom: 80px !important;background-color: #f0f3f2 !important;}&#8221;][vc_column][vc_column_text css_animation=&#8221;bottom-to-top&#8221;]<\/p>\n<div class=\"styled-subtitle\" style=\"text-align: center;\">Queremos xerar reflexi\u00f3n, cuestionamento persoal e paix\u00f3n polo cambio social, axudarnos a ser cidad\u00e1ns globais e que a nosa Escola Online se converta nun referente na <strong>formaci\u00f3n para o desenvolvemento e o cambio social<\/strong> .<\/div>\n<p>[\/vc_column_text][\/vc_column][\/vc_row]<\/p>\n<\/div>","protected":false},"excerpt":{"rendered":"<p>[vc_row full_width=&#8221;stretch_row&#8221; css=&#8221;.vc_custom_1695466757556{margin-top: 0px !important;margin-bottom: 0px !important;padding-top: 110px !important;padding-bottom: 135px !important;background-color: #f0f3f2 !important;}&#8221;][vc_column][vc_column_text css_animation=&#8221;bottom-to-top&#8221; el_class=&#8221;uppercase-disable&#8221;] Benvidos, benvidos \u00e1 nosa Escola,&#8230;<\/p>\n","protected":false},"author":1,"featured_media":0,"parent":0,"menu_order":0,"comment_status":"closed","ping_status":"closed","template":"","meta":{"footnotes":""},"class_list":["post-31013","page","type-page","status-publish"],"_links":{"self":[{"href":"https:\/\/escuelaparaelcambio.org\/gl\/wp-json\/wp\/v2\/pages\/31013","targetHints":{"allow":["GET"]}}],"collection":[{"href":"https:\/\/escuelaparaelcambio.org\/gl\/wp-json\/wp\/v2\/pages"}],"about":[{"href":"https:\/\/escuelaparaelcambio.org\/gl\/wp-json\/wp\/v2\/types\/page"}],"author":[{"embeddable":true,"href":"https:\/\/escuelaparaelcambio.org\/gl\/wp-json\/wp\/v2\/users\/1"}],"replies":[{"embeddable":true,"href":"https:\/\/escuelaparaelcambio.org\/gl\/wp-json\/wp\/v2\/comments?post=31013"}],"version-history":[{"count":0,"href":"https:\/\/escuelaparaelcambio.org\/gl\/wp-json\/wp\/v2\/pages\/31013\/revisions"}],"wp:attachment":[{"href":"https:\/\/escuelaparaelcambio.org\/gl\/wp-json\/wp\/v2\/media?parent=31013"}],"curies":[{"name":"wp","href":"https:\/\/api.w.org\/{rel}","templated":true}]}}