{"id":31024,"date":"2016-09-06T09:13:11","date_gmt":"2016-09-06T07:13:11","guid":{"rendered":"https:\/\/dev.dynamium.es\/aviso-legal\/"},"modified":"2024-02-21T12:47:26","modified_gmt":"2024-02-21T11:47:26","slug":"aviso-legal","status":"publish","type":"page","link":"https:\/\/escuelaparaelcambio.org\/gl\/aviso-legal\/","title":{"rendered":"Aviso legal"},"content":{"rendered":"<div class=\"wpb-content-wrapper\"><p>[vc_row][vc_column][vc_column_text]<\/p>\n<div class=\"small-body\"><span style=\"font-weight: 400;\">O acceso e navegaci\u00f3n por este sitio web implica a aceptaci\u00f3n expresa e plena de todas e cada unha destas condici\u00f3ns xerais, inclu\u00edda a Pol\u00edtica de Privacidade e de Cookies, relativas \u00e1s finalidades do tratamento dos datos que nos faciliten. Por favor, recomend\u00e1mosche que o leas con atenci\u00f3n. Salvo que se indique expresamente o contrario, o acceso \u00e1 informaci\u00f3n mostrada nas p\u00e1xinas do portal \u00e9 totalmente gratu\u00edto.<\/span><\/div>\n<div class=\"small-body\"><span style=\"font-weight: 400;\">Neste documento de Termos e Condici\u00f3ns atopar\u00e1s informaci\u00f3n sobre:<\/span><\/div>\n<div class=\"small-body\">\n<ul>\n<li style=\"font-weight: 400;\" aria-level=\"1\"><span style=\"font-weight: 400;\">Identificaci\u00f3n legal.<\/span><\/li>\n<li style=\"font-weight: 400;\" aria-level=\"1\"><span style=\"font-weight: 400;\">Condici\u00f3ns Xerais de Uso.<\/span><\/li>\n<li style=\"font-weight: 400;\" aria-level=\"1\"><span style=\"font-weight: 400;\">Obrigas xerais do usuario.<\/span><\/li>\n<li style=\"font-weight: 400;\" aria-level=\"1\"><span style=\"font-weight: 400;\">Pol\u00edtica de devoluci\u00f3n, reembolso, cancelaci\u00f3n, idade m\u00ednima e prazo de entrega.<\/span><\/li>\n<li style=\"font-weight: 400;\" aria-level=\"1\"><span style=\"font-weight: 400;\">Declaraci\u00f3n de privacidade que cobre o uso dos datos dos clientes.<\/span><\/li>\n<li style=\"font-weight: 400;\" aria-level=\"1\"><span style=\"font-weight: 400;\">O teu consentimento para esta <a href=\"https:\/\/escuelaparaelcambio.org\/gl\/politica-de-privacidad\/\">Pol\u00edtica de privacidade.<\/a><\/span><\/li>\n<li style=\"font-weight: 400;\" aria-level=\"1\"><span style=\"font-weight: 400;\">Pago mediante tarxetas de cr\u00e9dito.<\/span><\/li>\n<li style=\"font-weight: 400;\" aria-level=\"1\"><span style=\"font-weight: 400;\">Condici\u00f3ns de participaci\u00f3n dos usuarios en diferentes secci\u00f3ns e ferramentas: Blogs e Comentarios.<\/span><\/li>\n<li style=\"font-weight: 400;\" aria-level=\"1\"><span style=\"font-weight: 400;\">Propiedade intelectual e industrial.<\/span><\/li>\n<li style=\"font-weight: 400;\" aria-level=\"1\"><span style=\"font-weight: 400;\">Ligaz\u00f3ns.<\/span><\/li>\n<li style=\"font-weight: 400;\" aria-level=\"1\"><span style=\"font-weight: 400;\">Responsabilidade.<\/span><\/li>\n<li style=\"font-weight: 400;\" aria-level=\"1\"><span style=\"font-weight: 400;\">Xurisdicci\u00f3n.<\/span><\/li>\n<\/ul>\n<\/div>\n<div class=\"small-body title-h2\"><b>1.- IDENTIFICACI\u00d3N LEGAL<\/b><\/div>\n<div class=\"small-body\"><span style=\"font-weight: 400;\">En cumprimento da Lei 34\/2002, do 11 de xullo, de Servizos da Sociedade da Informaci\u00f3n e de Comercio Electr\u00f3nico, os datos identificativos do titular de<\/span> <strong>www.escuelaparaelcambio.org<\/strong> <span style=\"font-weight: 400;\">son:<\/span><\/div>\n<div><\/div>\n<div class=\"small-body title-h4\"><b>FUNDACI\u00d3N ENTRECULTURAS FE E ALEGR\u00cdA<\/b><\/div>\n<div class=\"small-body\">\n<ul>\n<li style=\"font-weight: 400;\" aria-level=\"1\"><span style=\"font-weight: 400;\">R\u00faa Maldonado, 1A, Planta 3<\/span><\/li>\n<li style=\"font-weight: 400;\" aria-level=\"1\"><span style=\"font-weight: 400;\">28006 Madrid (Espa\u00f1a)<\/span><\/li>\n<li style=\"font-weight: 400;\" aria-level=\"1\"><span style=\"font-weight: 400;\">CIF: G-82409020<\/span><\/li>\n<li style=\"font-weight: 400;\" aria-level=\"1\"><span style=\"font-weight: 400;\">Inscrita no Rexistro de Fundaci\u00f3ns do Ministerio do Interior co n\u00famero 28\/1.127<\/span><\/li>\n<\/ul>\n<\/div>\n<div class=\"small-body title-h3 title-h4\"><b>FUNDACI\u00d3N ALBOAN<\/b><\/div>\n<div class=\"small-body\">\n<ul>\n<li style=\"font-weight: 400;\" aria-level=\"1\"><span style=\"font-weight: 400;\">R\u00faa Padre Lojendio, 2. 2o<\/span><\/li>\n<li style=\"font-weight: 400;\" aria-level=\"1\"><span style=\"font-weight: 400;\">48008 \u2013 Bilbao (Espa\u00f1a)<\/span><\/li>\n<li style=\"font-weight: 400;\" aria-level=\"1\"><span style=\"font-weight: 400;\">CIF. G-48811376<\/span><\/li>\n<li style=\"font-weight: 400;\" aria-level=\"1\"><span style=\"font-weight: 400;\">Contacto para modificaci\u00f3n de datos: <a href=\"mailto:info@alboan.org\">info@alboan.org<\/a><\/span><\/li>\n<\/ul>\n<\/div>\n<div class=\"small-body\"><span style=\"font-weight: 400;\">Para calquera d\u00fabida ou consulta podes contactar con n\u00f3s no tel\u00e9fono: 91.5902672, ou no correo electr\u00f3nico: rgpd@entreculturas.org.<\/span><\/div>\n<div class=\"small-body\"><span style=\"font-weight: 400;\">O acceso a<\/span> <span style=\"font-weight: 400;\">www.escuelaparaelcambio.org<\/span> <span style=\"font-weight: 400;\">implica a aceptaci\u00f3n expresa do Usuario das presentes condici\u00f3ns, que poder\u00e1n ser modificadas ou substitu\u00eddas pola Fundaci\u00f3n Entreculturas Fe e Alegr\u00eda ou pola Fundaci\u00f3n Alboan en calquera momento e sen previo aviso.<\/span><\/div>\n<div class=\"small-body title-h2\"><b>2.- CONDICI\u00d3NS XERAIS DE USO<\/b><\/div>\n<div class=\"small-body\"><span style=\"font-weight: 400;\">As seguintes Condici\u00f3ns Xerais regulan o uso e acceso ao portal Web<\/span> <span style=\"font-weight: 400;\">www.escuelaparaelcambio.org<\/span> <span style=\"font-weight: 400;\">, cuxa finalidade \u00e9 ser unha porta de entrada que ofreza aos usuarios informaci\u00f3n, servizos e contidos a trav\u00e9s da Web.<\/span><\/div>\n<div class=\"small-body\"><span style=\"font-weight: 400;\">Todo usuario con acceso a este sitio web deber\u00e1 aceptar as presentes Condici\u00f3ns Xerais, entend\u00e9ndose o uso do sitio web como unha aceptaci\u00f3n das mesmas.<\/span><\/div>\n<div class=\"small-body\"><span style=\"font-weight: 400;\">As\u00ed mesmo, tam\u00e9n se deber\u00e1n aceptar aquelas p\u00e1xinas, propiedade de terceiros, \u00e1s que se pode acceder mediante enlaces e que presenten outras condici\u00f3ns xerais.<\/span><\/div>\n<div class=\"small-body\"><span style=\"font-weight: 400;\">O usuario comprom\u00e9tese a facer un uso axeitado dos contidos, servizos, novas, blogs, accesibles en<\/span> <span style=\"font-weight: 400;\">www.escuelaparaelcambio.org<\/span> <span style=\"font-weight: 400;\">, con suxeici\u00f3n \u00e1 Lei e \u00e1s presentes Condici\u00f3ns Xerais de Uso, respectando en todo momento o resto de usuarios.<\/span><\/div>\n<div class=\"small-body\"><span style=\"font-weight: 400;\">No caso de incumprimento total ou parcial destas condici\u00f3ns, a Fundaci\u00f3n Entreculturas Fe e Alegr\u00eda e a Fundaci\u00f3n Alboan res\u00e9rvanse o dereito de denegar o acceso a<\/span> <span style=\"font-weight: 400;\">www.escuelaparaelcambio.org<\/span> <span style=\"font-weight: 400;\">sen previo aviso ao usuario.<\/span><\/div>\n<div class=\"small-body\"><span style=\"font-weight: 400;\">A Fundaci\u00f3n Entreculturas Fe e Alegr\u00eda e a Fundaci\u00f3n Alboan adoptar\u00e1n todas as medidas ao seu alcance para evitar calquera tipo de conduta contraria \u00e1 lexislaci\u00f3n espa\u00f1ola e colaborar\u00e1n coas autoridades competentes na identificaci\u00f3n dos suxeitos responsables das actuaci\u00f3ns que poidan supor infracci\u00f3ns da lexislaci\u00f3n aplicable. a este sitio web.<\/span><\/div>\n<div class=\"small-body title-h2\"><b>3.- OBRIGAS XERAIS DO USUARIO<\/b><\/div>\n<div class=\"small-body\"><span style=\"font-weight: 400;\">O usuario, mediante a aceptaci\u00f3n das presentes Condici\u00f3ns Xerais de Uso, comprom\u00e9tese expresamente a:<\/span><\/div>\n<div class=\"small-body\"><span style=\"font-weight: 400;\">Non realizar acci\u00f3ns destinadas a prexudicar, bloquear, danar, inutilizar, sobrecargar, temporal ou permanentemente, as funcionalidades, ferramentas, contidos e\/ou infraestruturas do sitio web, de forma que impida o seu normal uso.<\/span><\/div>\n<div class=\"small-body\"><span style=\"font-weight: 400;\">Non introducir nin crear contidos calumniosos ou calumniosos, xa sexan doutros usuarios ou de terceiros alleos \u00e1 Fundaci\u00f3n Entreculturas Fe e Alegr\u00eda e \u00e1 Fundaci\u00f3n Alboan.<\/span><\/div>\n<div class=\"small-body\"><span style=\"font-weight: 400;\">Non utilizar ning\u00fan dos materiais e informaci\u00f3ns contidos neste sitio web con fins il\u00edcitos expresamente prohibidos nas presentes Condici\u00f3ns Xerais de Uso, e que sexan contrarios aos dereitos e intereses da Fundaci\u00f3n Entreculturas Fe e Alegr\u00eda e Fundaci\u00f3n Alboan, dos seus usuarios e\/ou terceiros.<\/span><\/div>\n<div class=\"small-body\"><span style=\"font-weight: 400;\">O usuario responder\u00e1 de todos os danos e prexu\u00edzos de calquera natureza que a Fundaci\u00f3n Entreculturas Fe e Alegr\u00eda e a Fundaci\u00f3n Alboan ou calquera terceiro puidesen sufrir como consecuencia do incumprimento dalgunha das obrigas a que est\u00e1n suxeitos en virtude do presente \u201cLegal Aviso\u201d. ou a lei en relaci\u00f3n co acceso e\/ou uso da p\u00e1xina  <\/span><span style=\"font-weight: 400;\">www.escuelaparaelcambio.org<\/span> <span style=\"font-weight: 400;\">.<\/span><\/div>\n<div class=\"small-body title-h2\"><b>4.- POL\u00cdTICA DE DEVOLUCI\u00d3N, DEVOLUCI\u00d3N, CANCELACI\u00d3N, IDADE M\u00cdNIMA E PRAZO DE ENTREGA.<\/b><\/div>\n<div class=\"small-body\"><span style=\"font-weight: 400;\">Cando realice un pago en Entreculturas e Alboan, ter\u00e1 dereito a un per\u00edodo de cancelaci\u00f3n de sete (7) d\u00edas (un &#8220;Per\u00edodo de reflexi\u00f3n&#8221;). Entreculturas e Alboan res\u00e9rvanse o dereito de rexeitar unha solicitude de reembolso se o consideran razoablemente (i) que explota inxustamente esta pol\u00edtica de reembolso, por exemplo, se realiza repetidas solicitudes de reembolso para os mesmos Servizos, (ii) se non cumpre estas Condici\u00f3ns ou (iii) se Entreculturas ou Alboan sospeitan razoablemente que est\u00e1 a usar os nosos Servizos ou o noso Software de forma fraudulenta.<\/span><\/div>\n<div class=\"small-body\"><span style=\"font-weight: 400;\">A idade m\u00ednima de compra na nosa web \u00e9 de 18 anos.<\/span><\/div>\n<div class=\"small-body title-h2\"><b>5.- DECLARACI\u00d3N DE PRIVACIDADE QUE CUBRE O USO DOS DATOS DO CLIENTE<\/b><\/div>\n<div class=\"small-body\"><span style=\"font-weight: 400;\">Entreculturas e Alboan informan ao usuario de que o tratamento de todos os datos de car\u00e1cter persoal realizado no desenvolvemento da s\u00faa actividade realizouse tendo en conta o disposto na normativa vixente e aplicable en materia de protecci\u00f3n de datos, para que os datos recollidos sexan pertinentes, adecuados e non excesivo para os fins previstos; En particular, Entreculturas e Alboan non comunican datos a terceiros sen consentimento expreso ou obriga legal, nin almacenan datos financeiros unha vez realizados os pagamentos.<\/span><\/div>\n<div class=\"small-body\"><span style=\"font-weight: 400;\">Se desexa m\u00e1is informaci\u00f3n sobre o tratamento de datos que realizan Entreculturas ou Alboan, pode consultar a nosa<\/span> <a href=\"https:\/\/escuelaparaelcambio.org\/gl\/politica-de-privacidad\/\"><span style=\"font-weight: 400;\">pol\u00edtica de privacidade.<\/span><span style=\"font-weight: 400;\"> <\/span><\/a> <\/div>\n<div class=\"small-body title-h2\"><b>6.- O SEU CONSENTIMIENTO A ESTA POL\u00cdTICA DE PRIVACIDADE<\/b><\/div>\n<div class=\"small-body\"><span style=\"font-weight: 400;\">Ao utilizar un dos nosos sitios web, indicas o teu acordo cos termos da nosa actual Pol\u00edtica de privacidade, tal e como se publica aqu\u00ed. Se non est\u00e1 de acordo con ning\u00fan dos termos da pol\u00edtica, non proporcione ningunha informaci\u00f3n persoal neste sitio, que pode inclu\u00edr o uso de &#8220;cookies&#8221; no seu navegador, en cuxo caso optar\u00eda por non permitir o uso de cookies. no teu navegador.<\/span><\/div>\n<div class=\"small-body title-h2\"><b>7.- PAGO CON TARXETAS DE CR\u00c9DITO<\/b><\/div>\n<div class=\"small-body\"><span style=\"font-weight: 400;\">Entreculturas e Alboan son responsables das transacci\u00f3ns realizadas na p\u00e1xina web. Aceptamos pagos con tarxetas de cr\u00e9dito\/d\u00e9bito Visa e Mastercard.<\/span><\/div>\n<div class=\"small-body\"><span style=\"font-weight: 400;\">A Fundaci\u00f3n Entreculturas Fe e Alegr\u00eda e a Fundaci\u00f3n Alboan danlle gran importancia \u00e1 seguridade de toda a informaci\u00f3n e datos persoais que tratamos. Desafortunadamente, a transmisi\u00f3n de informaci\u00f3n a trav\u00e9s de Internet non \u00e9 completamente segura; Por iso, esforz\u00e1monos e destinamos recursos para mellorar cada d\u00eda a nosa p\u00e1xina e facer m\u00e1is seguras as funcionalidades postas \u00e1 s\u00faa disposici\u00f3n. Implementouse a funcionalidade https nos formularios de socios e de doaz\u00f3n, coa finalidade de protexer os datos econ\u00f3mico-financeiros con ferramentas de cifrado SSL.<\/span><\/div>\n<div class=\"small-body title-h2\"><b>8.- CONDICI\u00d3NS DE PARTICIPACI\u00d3N DO USUARIO EN DIFERENTES SECCI\u00d3NS E FERRAMENTAS DE<\/b> <strong>Escuelaparaelcambio.org<\/strong> <b>(BLOGS E COMENTARIOS)<\/b><\/div>\n<div class=\"small-body\"><span style=\"font-weight: 400;\">O usuario pode participar activamente en determinadas secci\u00f3ns e ferramentas postas a disposici\u00f3n pola Fundaci\u00f3n Entreculturas Fe e Alegr\u00eda e a Fundaci\u00f3n Alboan en<\/span> <span style=\"font-weight: 400;\">www.escuelaparaelcambio.org<\/span> <span style=\"font-weight: 400;\">, como a inserci\u00f3n de comentarios en blogs e noticias.<\/span><\/div>\n<div><\/div>\n<div class=\"small-body\"><span style=\"font-weight: 400;\">Para participar nos Blogs, o usuario debe identificarse, compromet\u00e9ndose a que calquera informaci\u00f3n ou opini\u00f3n que introduza \u00e9 conforme \u00e1 Lei, \u00e1 moral e \u00e1 orde p\u00fablica, abst\u00e9ndose de realizar comentarios contrarios \u00e1s normas de etiqueta de Internet.<\/span><\/div>\n<div class=\"small-body\"><span style=\"font-weight: 400;\">A Fundaci\u00f3n Entreculturas Fe e Alegr\u00eda e a Fundaci\u00f3n Alboan, a trav\u00e9s dos seus administradores, res\u00e9rvanse o dereito de editar ou borrar calquera mensaxe, ou impedir o acceso aos Blogs ao usuario que incumpra sen previo aviso as normas de uso destas ferramentas. Dita non publicaci\u00f3n non pode considerarse en ning\u00fan momento nin por ning\u00fan motivo unha limitaci\u00f3n do dereito fundamental do usuario \u00e1 liberdade de expresi\u00f3n.<\/span><\/div>\n<div><\/div>\n<div class=\"small-body\"><span style=\"font-weight: 400;\">A t\u00edtulo enunciativo, e en ning\u00fan caso limitativo ou exclusivo, o usuario dos Blogs de<\/span> <span style=\"font-weight: 400;\">www.escuelaparaelcambio.org<\/span> <span style=\"font-weight: 400;\">comprom\u00e9tese expresamente a:<\/span><\/div>\n<div><\/div>\n<div class=\"small-body\"><span style=\"font-weight: 400;\">Non introducir nin difundir contidos ou propaganda de car\u00e1cter racista, xen\u00f3fobo, pornogr\u00e1fico, de apoio ao terrorismo ou que vulneren os dereitos e liberdades fundamentais das persoas; e en xeral contrave\u00f1an os principios de legalidade, responsabilidade, protecci\u00f3n da dignidade humana e protecci\u00f3n dos menores.<\/span><\/div>\n<div class=\"small-body\"><span style=\"font-weight: 400;\">Non entres nin uses os Blogs para facer insultos, insultos, provocaci\u00f3ns, descualificaci\u00f3ns persoais nin introducir contidos cunha linguaxe inadecuada ou inadecuada, tanto se este contido est\u00e1 dirixido a un participante como non. As\u00ed mesmo, non se poder\u00e1n formular queixas nin acusaci\u00f3ns de ning\u00fan tipo.<\/span><\/div>\n<div><\/div>\n<div class=\"small-body\"><span style=\"font-weight: 400;\">Non introducir nin difundir publicidade ou ofertas comerciais e\/ou promocionais de terceiros distintos de Fundaci\u00f3n Entreculturas Fe e Alegr\u00eda e Fundaci\u00f3n Alboan. As\u00ed mesmo, os usuarios do Blog non est\u00e1n autorizados a introducir cadeas de mensaxes, felicitaci\u00f3ns ou mensaxes que non te\u00f1an relaci\u00f3n co contido do Blog\/Noticias.<\/span><\/div>\n<div class=\"small-body\"><span style=\"font-weight: 400;\">Non introduza nin difunda virus ou software dani\u00f1o que poida causar danos nos sistemas inform\u00e1ticos.<\/span><\/div>\n<div class=\"small-body\"><span style=\"font-weight: 400;\">Non introducir contidos protexidos (entre outros, imaxes, sons, fotograf\u00edas, v\u00eddeos, textos, documentos) por dereitos de autor e propiedade industrial (entre outros; marcas, nomes comerciais, distintivos gr\u00e1ficos) sen contar coa autorizaci\u00f3n expresa dos seus respectivos propietarios ou titulares dos dereitos. .<\/span><\/div>\n<div><\/div>\n<div class=\"small-body\"><span style=\"font-weight: 400;\">O usuario reco\u00f1ece e acepta que calquera comentario e\/ou opini\u00f3n expresado e publicado ser\u00e1 da s\u00faa exclusiva responsabilidade para todos os efectos. Neste sentido, o usuario ser\u00e1 directamente responsable dos danos e prexu\u00edzos ocasionados a terceiros derivados da utilizaci\u00f3n do Blog, as\u00ed como dos danos ocasionados pola falta de licitude, veracidade, exactitude, moralidade e de toda informaci\u00f3n e opini\u00f3ns que proporcionar ou facer accesible a outros usuarios e\/ou visitantes de www.<\/span><span style=\"font-weight: 400;\">escucelaparaelcambio.org<\/span> <span style=\"font-weight: 400;\">.<\/span><\/div>\n<div><\/div>\n<div class=\"small-body title-h2\"><b>9.- PROPIEDADE INTELECTUAL E INDUSTRIAL.<\/b><\/div>\n<div class=\"small-body\"><span style=\"font-weight: 400;\">A web<\/span> <span style=\"font-weight: 400;\">www.escuelaparaelcambio.org<\/span><span style=\"font-weight: 400;\">  As p\u00e1xinas que incl\u00fae e a informaci\u00f3n ou elementos contidos nelas (inclu\u00eddos textos, documentos, fotograf\u00edas, debuxos, representaci\u00f3ns gr\u00e1ficas, entre outros), as\u00ed como os logotipos, marcas ou outros signos distintivos, est\u00e1n protexidos polos dereitos de propiedade intelectual ou industrial. dos que a Fundaci\u00f3n Entreculturas Fe e Alegr\u00eda ou a Fundaci\u00f3n Alboan sexan titulares ou te\u00f1an autorizaci\u00f3n para a s\u00faa explotaci\u00f3n polos lex\u00edtimos propietarios.<\/span><\/div>\n<div><\/div>\n<div class=\"small-body\"><span style=\"font-weight: 400;\">O usuario est\u00e1 obrigado a utilizar os contidos con dilixencia e correcci\u00f3n, de acordo coa lei, a moral e a orde p\u00fablica.<\/span><\/div>\n<div class=\"small-body\"><span style=\"font-weight: 400;\">A Fundaci\u00f3n Entreculturas Fe e Alegr\u00eda e a Fundaci\u00f3n Alboan autorizan ao usuario a visualizar a informaci\u00f3n contida neste sitio web, as\u00ed como a realizar reproduci\u00f3ns privadas (simple actividade de descarga e almacenamento nos seus sistemas inform\u00e1ticos), sempre que os elementos estean destinados exclusivamente a uso persoal. uso ou para fins previamente autorizados pola Fundaci\u00f3n Entreculturas Fe e Alegr\u00eda ou a Fundaci\u00f3n Alboan.<\/span><\/div>\n<div><\/div>\n<div class=\"small-body\"><span style=\"font-weight: 400;\">O usuario non est\u00e1 autorizado para proceder \u00e1 distribuci\u00f3n, modificaci\u00f3n, cesi\u00f3n ou comunicaci\u00f3n p\u00fablica da informaci\u00f3n contida neste sitio web en calquera forma e calquera que sexa a s\u00faa finalidade.<\/span><\/div>\n<div class=\"small-body title-h2\"><b>10.- ENLACES.<\/b><\/div>\n<div class=\"small-body\"><span style=\"font-weight: 400;\">As conexi\u00f3ns e ligaz\u00f3ns a sitios web ou p\u00e1xinas web de terceiros establec\u00e9ronse unicamente como unha utilidade para o usuario. A Fundaci\u00f3n Entreculturas Fe e Alegr\u00eda e a Fundaci\u00f3n Alboan non son, en ning\u00fan caso, responsables das mesmas nin do seu contido.<\/span><\/div>\n<div><\/div>\n<div class=\"small-body\"><span style=\"font-weight: 400;\">A Fundaci\u00f3n Entreculturas Fe e Alegr\u00eda e a Fundaci\u00f3n Alboan non asumen ningunha responsabilidade derivada da existencia de ligaz\u00f3ns entre os contidos deste sitio e contidos situados f\u00f3ra del ou calquera outra menci\u00f3n a contidos externos a este sitio. Ditas ligaz\u00f3ns ou menci\u00f3ns te\u00f1en unha finalidade exclusivamente informativa e, en ning\u00fan caso, supo\u00f1en o apoio, aprobaci\u00f3n ou relaci\u00f3n entre a Fundaci\u00f3n Entreculturas Fe e Alegr\u00eda e a Fundaci\u00f3n Alboan e as persoas ou entidades que sexan autoras e\/ou xestoras de tales contidos ou propietarios dos lugares onde se atopan.<\/span><\/div>\n<div><\/div>\n<div class=\"small-body\"><span style=\"font-weight: 400;\">Para realizar ligaz\u00f3ns \u00e1 p\u00e1xina web<\/span> <span style=\"font-weight: 400;\">www.escuelaparaelcambio.org<\/span> <span style=\"font-weight: 400;\">ser\u00e1 necesaria a autorizaci\u00f3n expresa por escrito da Fundaci\u00f3n Entreculturas Fe e Alegr\u00eda e da Fundaci\u00f3n Alboan.<\/span><\/div>\n<div><\/div>\n<div class=\"small-body title-h2\"><b>11.- RESPONSABILIDADE.<\/b><\/div>\n<div class=\"small-body\"><span style=\"font-weight: 400;\">A Fundaci\u00f3n Entreculturas Fe e Alegr\u00eda e a Fundaci\u00f3n Alboan non garanten o acceso continuado, nin a correcta visualizaci\u00f3n, descarga ou utilidade dos elementos e informaci\u00f3ns contidas nas p\u00e1xinas do portal.  <\/span><span style=\"font-weight: 400;\">www.schoolforchange.org<\/span><span style=\"font-weight: 400;\">  que poidan verse impedidas, obstaculizadas ou interrompidas por factores ou circunstancias alleas \u00e1 s\u00faa vontade ou alleas \u00e1 s\u00faa vontade, nin as producidas pola existencia de virus inform\u00e1ticos en Internet.<\/span><\/div>\n<div><\/div>\n<div class=\"small-body\"><span style=\"font-weight: 400;\">A Fundaci\u00f3n Entreculturas Fe e Alegr\u00eda e a Fundaci\u00f3n Alboan non asumen ningunha responsabilidade polos danos, perdas, reclamaci\u00f3ns ou gastos ocasionados por:<\/span><\/div>\n<div><\/div>\n<div class=\"small-body\"><span style=\"font-weight: 400;\">Interferencias, interrupci\u00f3ns, avar\u00edas, omisi\u00f3ns, atrasos, bloqueos ou desconexi\u00f3ns, causadas por erros nas li\u00f1as e redes de telecomunicaci\u00f3ns ou por calquera outra causa allea \u00e1 Fundaci\u00f3n Entreculturas Fe e Alegr\u00eda ou \u00e1 Fundaci\u00f3n Alboan.<\/span><\/div>\n<div><\/div>\n<div class=\"small-body\"><span style=\"font-weight: 400;\">Intrusi\u00f3ns ilex\u00edtimas mediante o uso de programas maliciosos de calquera tipo e a trav\u00e9s de calquera medio de comunicaci\u00f3n, como virus inform\u00e1ticos ou calquera outro;<\/span><\/div>\n<div class=\"small-body\"><span style=\"font-weight: 400;\">Uso indebido ou inadecuado do sitio web<\/span> <span style=\"font-weight: 400;\">www.escuelaparaelcambio.org<\/span><\/div>\n<div class=\"small-body\"><span style=\"font-weight: 400;\">Erros de seguridade ou de navegaci\u00f3n causados \u200b\u200bpor un mal funcionamento do navegador ou polo uso de versi\u00f3ns desactualizadas.<\/span><\/div>\n<div class=\"small-body title-h2\"><b>12.- XURISDICCI\u00d3N.<\/b><\/div>\n<div class=\"small-body\"><span style=\"font-weight: 400;\">En caso de controversia ou conflito que puidese derivarse da interpretaci\u00f3n ou cumprimento deste Aviso Legal, resolveranse ante os Xulgados e Tribunais de Madrid, Espa\u00f1a.<\/span><\/div>\n<div class=\"small-body\"><span style=\"font-weight: 400;\">Se se declarase nula ou inaplicable algunha cl\u00e1usula ou apartado destas Condici\u00f3ns Xerais, que non fose imprescindible para a s\u00faa existencia, non se ver\u00e1 afectada a vixencia das restantes cl\u00e1usulas. <\/span><span style=\"font-weight: 400;\">www.schoolforchange.org<\/span><\/div>\n<p>[\/vc_column_text][\/vc_column][\/vc_row]<\/p>\n<\/div>","protected":false},"excerpt":{"rendered":"<p>[vc_row][vc_column][vc_column_text] O acceso e navegaci\u00f3n por este sitio web implica a aceptaci\u00f3n expresa e plena de todas e cada unha&#8230;<\/p>\n","protected":false},"author":1,"featured_media":0,"parent":0,"menu_order":0,"comment_status":"closed","ping_status":"closed","template":"","meta":{"footnotes":""},"class_list":["post-31024","page","type-page","status-publish"],"_links":{"self":[{"href":"https:\/\/escuelaparaelcambio.org\/gl\/wp-json\/wp\/v2\/pages\/31024","targetHints":{"allow":["GET"]}}],"collection":[{"href":"https:\/\/escuelaparaelcambio.org\/gl\/wp-json\/wp\/v2\/pages"}],"about":[{"href":"https:\/\/escuelaparaelcambio.org\/gl\/wp-json\/wp\/v2\/types\/page"}],"author":[{"embeddable":true,"href":"https:\/\/escuelaparaelcambio.org\/gl\/wp-json\/wp\/v2\/users\/1"}],"replies":[{"embeddable":true,"href":"https:\/\/escuelaparaelcambio.org\/gl\/wp-json\/wp\/v2\/comments?post=31024"}],"version-history":[{"count":0,"href":"https:\/\/escuelaparaelcambio.org\/gl\/wp-json\/wp\/v2\/pages\/31024\/revisions"}],"wp:attachment":[{"href":"https:\/\/escuelaparaelcambio.org\/gl\/wp-json\/wp\/v2\/media?parent=31024"}],"curies":[{"name":"wp","href":"https:\/\/api.w.org\/{rel}","templated":true}]}}