{"id":31260,"date":"2016-09-06T09:15:12","date_gmt":"2016-09-06T07:15:12","guid":{"rendered":"https:\/\/dev.dynamium.es\/politica-de-cookies\/"},"modified":"2024-02-21T12:48:59","modified_gmt":"2024-02-21T11:48:59","slug":"politica-de-cookies","status":"publish","type":"page","link":"https:\/\/escuelaparaelcambio.org\/gl\/politica-de-cookies\/","title":{"rendered":"Pol\u00edtica de cookies"},"content":{"rendered":"<div class=\"wpb-content-wrapper\"><p>[vc_row][vc_column][vc_column_text]<span style=\"font-weight: 400;\">Esta Pol\u00edtica de Cookies forma parte integrante das Condici\u00f3ns Xerais e da Pol\u00edtica de Privacidade. O acceso e a navegaci\u00f3n polo sitio, ou o uso dos seus servizos, implica a aceptaci\u00f3n das Condici\u00f3ns Xerais (e polo tanto da Pol\u00edtica de Privacidade e Pol\u00edtica de Cookies). L\u00e9aos atentamente.<\/span><\/p>\n<p><span style=\"font-weight: 400;\">Agradecemos que decidise visitarnos. Queremos que a t\u00faa experiencia neste sitio sexa a mellor posible, por iso redactamos esta Pol\u00edtica de cookies coa maior claridade posible.<\/span><\/p>\n<div class=\"title-h2\"><span style=\"font-weight: 400;\">Que \u00e9 unha cookie?<\/span><\/div>\n<p><span style=\"font-weight: 400;\">As cookies son ficheiros que conte\u00f1en pequenas cantidades de informaci\u00f3n que se descargan no dispositivo que utiliza o usuario cando visita un sitio web. A s\u00faa finalidade principal \u00e9 reco\u00f1ecer ao usuario cada vez que accede a el e tam\u00e9n nos permite mellorar a calidade e usabilidade da nosa web.<\/span><\/p>\n<p><span style=\"font-weight: 400;\">As cookies son esenciais para que Internet funcione; Non poden danar o equipo\/dispositivo do usuario e, se est\u00e1n activados na configuraci\u00f3n do seu navegador, ax\u00fadannos a identificar e resolver posibles erros de funcionamento.<\/span><\/p>\n<div class=\"title-h2\"><span style=\"font-weight: 400;\">Tipos de Cookies<\/span><\/div>\n<p><span style=\"font-weight: 400;\">Existen distintos tipos de cookies. Todos funcionan do mesmo xeito, pero te\u00f1en pequenas diferenzas:<\/span><\/p>\n<ol>\n<li style=\"font-weight: 400;\" aria-level=\"2\"><strong>Cookies de sesi\u00f3n<\/strong><\/li>\n<\/ol>\n<p><span style=\"font-weight: 400;\">As cookies de sesi\u00f3n s\u00f3 duran durante a s\u00faa visita e elim\u00ednanse ao pechar o navegador. A s\u00faa finalidade principal \u00e9 identificar o tipo de dispositivo, apoiar a seguridade do sitio web ou a s\u00faa funcionalidade b\u00e1sica. Non conte\u00f1en informaci\u00f3n persoal que identifique a unha persoa.<\/span><\/p>\n<ul>\n<li><span style=\"font-weight: 400;\">Cookies persistentes ou permanentes<\/span><span style=\"font-weight: 400;\"><br \/>\n<\/span><span style=\"font-weight: 400;\">G\u00e1rdanse no disco duro do dispositivo e o sitio web l\u00e9anos cada vez que se realiza unha nova visita; Ten unha data de caducidade ou caducidade determinada, unha vez caducado, a cookie deixa de funcionar. Perm\u00edtenche identificar as t\u00faas acci\u00f3ns e preferencias; analizar as visitas e ax\u00fadanos a comprender como chegan os usuarios \u00e1 nosa p\u00e1xina e mellorar os nosos servizos.<\/span><\/li>\n<li><span style=\"font-weight: 400;\">Cookies de funcionalidade<\/span><span style=\"font-weight: 400;\"><br \/>\n<\/span><span style=\"font-weight: 400;\">Perm\u00edtennos lembrar decisi\u00f3ns tomadas polo usuario, como o seu inicio de sesi\u00f3n ou identificador. A informaci\u00f3n que recollen estas cookies \u00e9 an\u00f3nima (\u00e9 dicir, non almacenan o nome, enderezo ou outro tipo de datos).<\/span><\/li>\n<li><span style=\"font-weight: 400;\">Cookies de terceiros<\/span><span style=\"font-weight: 400;\"><br \/>\n<\/span><span style=\"font-weight: 400;\">As cookies de terceiros son cookies instaladas por un sitio web distinto ao que est\u00e1 a visitar; por exemplo, as utilizadas polas redes sociais (como Facebook) ou por complementos de contido externos (como Google Maps). Algunhas empresas de publicidade usan este tipo de ficheiros para rastrexar as visitas a cada sitio no que se anuncian.<\/span><\/li>\n<li><span style=\"font-weight: 400;\">Cookies anal\u00edticas<\/span><br \/>\n <span style=\"font-weight: 400;\">Son cookies que te\u00f1en como finalidade o mantemento peri\u00f3dico para garantir o mellor funcionamento e servizo ao usuario, recollendo datos sobre a s\u00faa actividade.<\/span><\/li>\n<\/ul>\n<p><span style=\"font-weight: 400;\">Uso de cookies por parte de<\/span> <span style=\"font-weight: 400;\">www.escuelaparaelcambio.org<\/span><\/p>\n<p><span style=\"font-weight: 400;\">Ao acceder a www.<\/span> <span style=\"font-weight: 400;\">schoolforchange.org,<\/span><span style=\"font-weight: 400;\">  Aceptas expresamente que podemos utilizar este tipo de cookies nos teus dispositivos. Se desactivas as cookies, \u00e9 posible que a t\u00faa navegaci\u00f3n non sexa \u00f3ptima e algunhas das utilidades dispo\u00f1ibles poden non funcionar correctamente.<\/span><\/p>\n<h2><span style=\"font-weight: 400;\">1. Cookies propias<\/span><\/h2>\n<p><span style=\"font-weight: 400;\">Para reco\u00f1ecer e ofrecer un mellor servizo, o noso sitio usa o seu. As vantaxes que sup\u00f3n aceptar estas cookies trad\u00facense nun aforro de tempo. Tam\u00e9n poden utilizarse para reco\u00f1ecerte entre visitas sucesivas e as\u00ed adaptar o contido que se mostra; obter informaci\u00f3n sobre a data e a hora da s\u00faa \u00faltima visita, medir alg\u00fans par\u00e1metros de tr\u00e1fico dentro do propio sitio e estimar o n\u00famero de visitas realizadas, para que os servizos e as promoci\u00f3ns se poidan centrar e axustar de forma m\u00e1is eficaz.<\/span><\/p>\n<p><span style=\"font-weight: 400;\">Ningunha cookie pode extraer informaci\u00f3n do seu disco duro ou roubar informaci\u00f3n persoal. Ningunha cookie permite que te po\u00f1as en contacto connosco co teu n\u00famero de tel\u00e9fono, enderezo de correo electr\u00f3nico ou calquera outro medio de contacto, nin poden danar o teu ordenador.<\/span><\/p>\n<p><strong><i>Cookies estrictamente necesarias<\/i><\/strong><\/p>\n<p><span style=\"font-weight: 400;\">Cookie: __utma\/ tempo de caducidade: PERSISTENTE \/ provedor: Google Analytics Descrici\u00f3n: Cookie anal\u00edtica. Garda o ID do visitante e o n\u00famero de visitas que realizou ao sitio web.<\/span><\/p>\n<p>Pol\u00edtica de privacidade de Google: http:\/\/www.google.com\/intl\/es\/policies\/privacy\/<\/p>\n<p><span style=\"font-weight: 400;\">Cookie: __utmb\/ tempo de caducidade: TEMPORAL \/ provedor: Google Analytics.<\/span><\/p>\n<p><span style=\"font-weight: 400;\">Descrici\u00f3n: almacenan o tempo da sesi\u00f3n do usuario no sitio.<\/span><\/p>\n<p><span style=\"font-weight: 400;\">Cookie: __utmc temporal \/ tempo de caducidade: TEMPORAL \/ provedor: Google Analytics<\/span><\/p>\n<p>Pol\u00edtica de privacidade de Google: http:\/\/www.google.com\/intl\/es\/policies\/privacy\/<\/p>\n<p><span style=\"font-weight: 400;\">Cookie: __utmz temporal \/ tempo de caducidade: PERSISTENTE \/ provedor: Google Analytics<\/span><\/p>\n<p><span style=\"font-weight: 400;\">Descrici\u00f3n: Cookie anal\u00edtica. Cont\u00e9n a informaci\u00f3n de referencia se o usuario accede a trav\u00e9s dun buscador, unha ligaz\u00f3n directa ou unha ligaz\u00f3n dun anuncio.<\/span><\/p>\n<p>Pol\u00edtica de privacidade de Google: http:\/\/www.google.com\/intl\/es\/policies\/privacy\/<\/p>\n<h2><span style=\"font-weight: 400;\">2. Cookies de Google Analytics<\/span><\/h2>\n<p><span style=\"font-weight: 400;\">O sitio utiliza o servizo Google Analytics, que \u00e9 proporcionado por Google, Inc., unha entidade cuxa oficina principal est\u00e1 en 1600 Amphitheatre Parkway, Mountain View (California), CA 94043, Estados Unidos (&#8220;Google&#8221;).<\/span><\/p>\n<p><span style=\"font-weight: 400;\">Google Analytics utiliza cookies para axudarnos a analizar como usan os usuarios o sitio. A informaci\u00f3n xerada pola cookie sobre o seu uso do sitio (inclu\u00edndo o seu enderezo IP) ser\u00e1 directamente transmitida e almacenada por Google nos seus servidores nos Estados Unidos. Google utilizar\u00e1 esta informaci\u00f3n no noso nome co prop\u00f3sito de rastrexar o uso do sitio, compilar informes sobre a actividade do sitio e proporcionar outros servizos relacionados coa actividade do sitio e o uso de Internet. Google pode transmitir esta informaci\u00f3n a terceiros cando as\u00ed o requira a lei ou cando estes terceiros procesen a informaci\u00f3n en nome de Google. Google non asociar\u00e1 o teu enderezo IP con ning\u00fan outro dato en poder de Google.<\/span><\/p>\n<p><span style=\"font-weight: 400;\">Se o desexa, pode rexeitar o tratamento de datos ou informaci\u00f3n rexeitando o uso de cookies seleccionando a configuraci\u00f3n adecuada no seu navegador. Non obstante, se o fas, \u00e9 posible que non poidas aproveitar todas as funci\u00f3ns deste sitio.<\/span><\/p>\n<p><span style=\"font-weight: 400;\">Ao utilizar este sitio, acepta o procesamento da s\u00faa informaci\u00f3n por parte de Google na forma e para os fins indicados anteriormente.<\/span><\/p>\n<p><strong>Configuraci\u00f3n do usuario para evitar Cookies.<\/strong><\/p>\n<p><span style=\"font-weight: 400;\">Desde Fundaci\u00f3n Entreculturas Fe Y Alegr\u00eda e Fundaci\u00f3n Alboan e en cumprimento da normativa legal vixente, po\u00f1emos \u00e1 s\u00faa disposici\u00f3n a informaci\u00f3n que lle permite configurar o seu navegador\/navegadores de Internet para manter a s\u00faa privacidade e seguridade en relaci\u00f3n \u00e1s cookies. Por este motivo, facilitamos informaci\u00f3n e ligaz\u00f3ns aos sitios de soporte oficiais dos principais navegadores para que poida decidir se quere ou non aceptar o uso de cookies.<\/span><\/p>\n<p><span style=\"font-weight: 400;\">As\u00ed, pode bloquear as cookies a trav\u00e9s das ferramentas de configuraci\u00f3n do navegador ou configurar o navegador para que che avise cando un servidor queira gardar unha cookie:<\/span><\/p>\n<ul>\n<li style=\"font-weight: 400;\" aria-level=\"1\"><span style=\"font-weight: 400;\">a) Se utiliza Microsoft Internet Explorer, na opci\u00f3n de men\u00fa Ferramentas&gt; Opci\u00f3ns de Internet&gt; Privacidade&gt; Configuraci\u00f3n. Para saber m\u00e1is, visite:  <\/span><a href=\"http:\/\/windows.microsoft.com\/eses\/windowsvista\/blockorallowcookies\"><span style=\"font-weight: 400;\">http:\/\/windows.microsoft.com\/eses\/windowsvista\/blockorallowcookies<\/span><\/a><\/li>\n<\/ul>\n<p><span style=\"font-weight: 400;\">http:\/\/windows.microsoft.com\/eses\/windows\/howtomanagecookiesininternetexplorer9.<\/span><\/p>\n<ul>\n<li style=\"font-weight: 400;\" aria-level=\"1\"><span style=\"font-weight: 400;\">b) Se usa Firefox, na opci\u00f3n de men\u00fa Ferramentas&gt; Opci\u00f3ns&gt; Privacidade&gt; Cookies.<\/span><\/li>\n<\/ul>\n<p>Para saber m\u00e1is: http:\/\/support.mozilla.org\/es\/products\/firefox\/privacyandsecurity<\/p>\n<ul>\n<li style=\"font-weight: 400;\" aria-level=\"1\"><span style=\"font-weight: 400;\">c) Se usas Chrome, na secci\u00f3n Opci\u00f3ns&gt; Opci\u00f3ns avanzadas&gt; Privacidade.<\/span><\/li>\n<\/ul>\n<p>Para obter m\u00e1is informaci\u00f3n: http:\/\/support.google.com\/chrome\/bin\/answer.py?hl=es&amp;answer=95647<\/p>\n<ul>\n<li style=\"font-weight: 400;\" aria-level=\"1\"><span style=\"font-weight: 400;\">d) Se utiliza Opera, na opci\u00f3n Seguridade e Privacidade, pode configurar o navegador.<\/span><\/li>\n<\/ul>\n<p>Para obter m\u00e1is informaci\u00f3n: http:\/\/www.opera.com\/help\/tutorials\/security\/cookies\/[\/vc_column_text][\/vc_column][\/vc_row]<\/p>\n<\/div>","protected":false},"excerpt":{"rendered":"<p>[vc_row][vc_column][vc_column_text]Esta Pol\u00edtica de Cookies forma parte integrante das Condici\u00f3ns Xerais e da Pol\u00edtica de Privacidade. O acceso e a navegaci\u00f3n&#8230;<\/p>\n","protected":false},"author":1,"featured_media":0,"parent":0,"menu_order":0,"comment_status":"closed","ping_status":"closed","template":"","meta":{"footnotes":""},"class_list":["post-31260","page","type-page","status-publish"],"_links":{"self":[{"href":"https:\/\/escuelaparaelcambio.org\/gl\/wp-json\/wp\/v2\/pages\/31260","targetHints":{"allow":["GET"]}}],"collection":[{"href":"https:\/\/escuelaparaelcambio.org\/gl\/wp-json\/wp\/v2\/pages"}],"about":[{"href":"https:\/\/escuelaparaelcambio.org\/gl\/wp-json\/wp\/v2\/types\/page"}],"author":[{"embeddable":true,"href":"https:\/\/escuelaparaelcambio.org\/gl\/wp-json\/wp\/v2\/users\/1"}],"replies":[{"embeddable":true,"href":"https:\/\/escuelaparaelcambio.org\/gl\/wp-json\/wp\/v2\/comments?post=31260"}],"version-history":[{"count":0,"href":"https:\/\/escuelaparaelcambio.org\/gl\/wp-json\/wp\/v2\/pages\/31260\/revisions"}],"wp:attachment":[{"href":"https:\/\/escuelaparaelcambio.org\/gl\/wp-json\/wp\/v2\/media?parent=31260"}],"curies":[{"name":"wp","href":"https:\/\/api.w.org\/{rel}","templated":true}]}}